{"id":828,"date":"2026-04-12T15:43:32","date_gmt":"2026-04-12T15:43:32","guid":{"rendered":"https:\/\/silk-pajamas.com\/16-momme-charmeuse-mulberry-silk-dress-bias-cut-black\/"},"modified":"2026-04-20T03:14:46","modified_gmt":"2026-04-20T03:14:46","slug":"16-momme-charmeuse-mulberry-silk-dress-bias-cut-black","status":"publish","type":"product","link":"https:\/\/silk-pajamas.com\/de\/16-momme-charmeuse-mulberry-silk-dress-bias-cut-black\/","title":{"rendered":"16 Momme Charmeuse Maulbeerseide Kleid Bias Cut Schwarz"},"content":{"rendered":"<p>Dieses Seidenkleid aus 16 Momme-Charmeuse-Seide kombiniert Schr\u00e4gschnitt-Details mit weichem Glanz und atmungsaktivem Tragegef\u00fchl. Das schwarze Finish verleiht ihm einen raffinierten Look, w\u00e4hrend die Gr\u00f6\u00dfen XL, XXL, 3XL, 4XL den Kernbedarf decken. Geeignet f\u00fcr die Urlaubsgarderobe und die Herbstgarderobe. Kalt von Hand waschen oder im Schonwaschgang.<\/p>","protected":false},"excerpt":{"rendered":"<p>16 Momme Charmeuse Seidenkleid in Schwarz. Bias Cut Verarbeitung, thermoregulierendes Gef\u00fchl und Gr\u00f6\u00dfenauswahl XL, XXL, 3XL, 4XL. Entworfen f\u00fcr den Urlaub.<\/p>","protected":false},"featured_media":1701,"template":"","meta":{"_gspb_post_css":""},"product_brand":[],"product_cat":[29],"product_tag":[677,659,662],"class_list":{"0":"post-828","1":"product","2":"type-product","3":"status-publish","4":"has-post-thumbnail","6":"product_cat-silk-dresses","7":"product_tag-16-momme-silk-dress-black","8":"product_tag-charmeuse-silk-dress-bias-cut","9":"product_tag-vendor-silk-dress-for-resort-dressing","11":"first","12":"instock","13":"featured","14":"shipping-taxable","15":"purchasable","16":"product-type-simple"},"_links":{"self":[{"href":"https:\/\/silk-pajamas.com\/de\/wp-json\/wp\/v2\/product\/828","targetHints":{"allow":["GET"]}}],"collection":[{"href":"https:\/\/silk-pajamas.com\/de\/wp-json\/wp\/v2\/product"}],"about":[{"href":"https:\/\/silk-pajamas.com\/de\/wp-json\/wp\/v2\/types\/product"}],"wp:featuredmedia":[{"embeddable":true,"href":"https:\/\/silk-pajamas.com\/de\/wp-json\/wp\/v2\/media\/1701"}],"wp:attachment":[{"href":"https:\/\/silk-pajamas.com\/de\/wp-json\/wp\/v2\/media?parent=828"}],"wp:term":[{"taxonomy":"product_brand","embeddable":true,"href":"https:\/\/silk-pajamas.com\/de\/wp-json\/wp\/v2\/product_brand?post=828"},{"taxonomy":"product_cat","embeddable":true,"href":"https:\/\/silk-pajamas.com\/de\/wp-json\/wp\/v2\/product_cat?post=828"},{"taxonomy":"product_tag","embeddable":true,"href":"https:\/\/silk-pajamas.com\/de\/wp-json\/wp\/v2\/product_tag?post=828"}],"curies":[{"name":"wp","href":"https:\/\/api.w.org\/{rel}","templated":true}]}}