{"id":829,"date":"2026-04-12T15:43:32","date_gmt":"2026-04-12T15:43:32","guid":{"rendered":"https:\/\/silk-pajamas.com\/19-momme-sandwashed-silk-dress-cowl-neck-floral\/"},"modified":"2026-04-20T03:16:46","modified_gmt":"2026-04-20T03:16:46","slug":"19-momme-sandwashed-silk-dress-cowl-neck-floral","status":"publish","type":"product","link":"https:\/\/silk-pajamas.com\/de\/19-momme-sandwashed-silk-dress-cowl-neck-floral\/","title":{"rendered":"19 Momme Sandwashed Seidenkleid Cowl Neck Floral"},"content":{"rendered":"<p>Dieses Seidenkleid aus 19 Momme sandgewaschener Seide bietet Thermoregulierung, ein sanftes Hautgef\u00fchl und elegante Bewegung. Der Rundhalsausschnitt und die florale Farbe sorgen f\u00fcr einen eleganten Look f\u00fcr jeden Anlass. Erh\u00e4ltlich in XL, XXL, 3XL, 4XL. Handw\u00e4sche kalt oder im Schonwaschgang.<\/p>","protected":false},"excerpt":{"rendered":"<p>19 Momme Sandwashed Seidenkleid in Floral. Cowl Neck Verarbeitung, thermoregulierendes Gef\u00fchl und Gr\u00f6\u00dfenauswahl XL, XXL, 3XL, 4XL. Konzipiert f\u00fcr die Abendgarderobe.<\/p>","protected":false},"featured_media":1703,"template":"","meta":{"_gspb_post_css":""},"product_brand":[],"product_cat":[29],"product_tag":[672,682,681],"class_list":{"0":"post-829","1":"product","2":"type-product","3":"status-publish","4":"has-post-thumbnail","6":"product_cat-silk-dresses","7":"product_tag-19-momme-silk-dress-floral","8":"product_tag-factory-silk-dress-for-occasion-dressing","9":"product_tag-sandwashed-silk-dress-cowl-neck","11":"first","12":"instock","13":"shipping-taxable","14":"purchasable","15":"product-type-simple"},"_links":{"self":[{"href":"https:\/\/silk-pajamas.com\/de\/wp-json\/wp\/v2\/product\/829","targetHints":{"allow":["GET"]}}],"collection":[{"href":"https:\/\/silk-pajamas.com\/de\/wp-json\/wp\/v2\/product"}],"about":[{"href":"https:\/\/silk-pajamas.com\/de\/wp-json\/wp\/v2\/types\/product"}],"wp:featuredmedia":[{"embeddable":true,"href":"https:\/\/silk-pajamas.com\/de\/wp-json\/wp\/v2\/media\/1703"}],"wp:attachment":[{"href":"https:\/\/silk-pajamas.com\/de\/wp-json\/wp\/v2\/media?parent=829"}],"wp:term":[{"taxonomy":"product_brand","embeddable":true,"href":"https:\/\/silk-pajamas.com\/de\/wp-json\/wp\/v2\/product_brand?post=829"},{"taxonomy":"product_cat","embeddable":true,"href":"https:\/\/silk-pajamas.com\/de\/wp-json\/wp\/v2\/product_cat?post=829"},{"taxonomy":"product_tag","embeddable":true,"href":"https:\/\/silk-pajamas.com\/de\/wp-json\/wp\/v2\/product_tag?post=829"}],"curies":[{"name":"wp","href":"https:\/\/api.w.org\/{rel}","templated":true}]}}