{"id":830,"date":"2026-04-12T15:43:32","date_gmt":"2026-04-12T15:43:32","guid":{"rendered":"https:\/\/silk-pajamas.com\/16-momme-mulberry-silk-dress-bias-cut-sky-blue\/"},"modified":"2026-04-20T03:18:15","modified_gmt":"2026-04-20T03:18:15","slug":"16-momme-mulberry-silk-dress-bias-cut-sky-blue","status":"publish","type":"product","link":"https:\/\/silk-pajamas.com\/de\/16-momme-mulberry-silk-dress-bias-cut-sky-blue\/","title":{"rendered":"16 Momme Maulbeerseidenkleid Bias Cut Himmelblau"},"content":{"rendered":"<p>Dieses Seidenkleid ist aus 16 momme Maulbeerseide in einem himmelblauen Ton gefertigt. Es ist schr\u00e4g geschnitten, hat ein weiches Handgef\u00fchl und einen bequemen Fall f\u00fcr Party-Edits. Das Kleid ist in den Gr\u00f6\u00dfen XS, S, M, L und XL erh\u00e4ltlich und eignet sich gut f\u00fcr den Sommer, zum Verschenken und f\u00fcr den t\u00e4glichen Komfort. Kalt von Hand waschen oder im Schonwaschgang.<\/p>","protected":false},"excerpt":{"rendered":"<p>16 Momme Mulberry Seide Seidenkleid in Sky Blue. Bias Cut-Finish, weiches Tragegef\u00fchl und Gr\u00f6\u00dfen XS, S, M, L, XL. Entworfen f\u00fcr Party-Edits.<\/p>","protected":false},"featured_media":1707,"template":"","meta":{"_gspb_post_css":""},"product_brand":[],"product_cat":[29],"product_tag":[683,647,684],"class_list":{"0":"post-830","1":"product","2":"type-product","3":"status-publish","4":"has-post-thumbnail","6":"product_cat-silk-dresses","7":"product_tag-16-momme-silk-dress-sky-blue","8":"product_tag-mulberry-silk-dress-bias-cut","9":"product_tag-wholesale-silk-dress-for-party-edits","11":"first","12":"instock","13":"shipping-taxable","14":"purchasable","15":"product-type-simple"},"_links":{"self":[{"href":"https:\/\/silk-pajamas.com\/de\/wp-json\/wp\/v2\/product\/830","targetHints":{"allow":["GET"]}}],"collection":[{"href":"https:\/\/silk-pajamas.com\/de\/wp-json\/wp\/v2\/product"}],"about":[{"href":"https:\/\/silk-pajamas.com\/de\/wp-json\/wp\/v2\/types\/product"}],"wp:featuredmedia":[{"embeddable":true,"href":"https:\/\/silk-pajamas.com\/de\/wp-json\/wp\/v2\/media\/1707"}],"wp:attachment":[{"href":"https:\/\/silk-pajamas.com\/de\/wp-json\/wp\/v2\/media?parent=830"}],"wp:term":[{"taxonomy":"product_brand","embeddable":true,"href":"https:\/\/silk-pajamas.com\/de\/wp-json\/wp\/v2\/product_brand?post=830"},{"taxonomy":"product_cat","embeddable":true,"href":"https:\/\/silk-pajamas.com\/de\/wp-json\/wp\/v2\/product_cat?post=830"},{"taxonomy":"product_tag","embeddable":true,"href":"https:\/\/silk-pajamas.com\/de\/wp-json\/wp\/v2\/product_tag?post=830"}],"curies":[{"name":"wp","href":"https:\/\/api.w.org\/{rel}","templated":true}]}}