{"id":831,"date":"2026-04-12T15:43:32","date_gmt":"2026-04-12T15:43:32","guid":{"rendered":"https:\/\/silk-pajamas.com\/25-momme-sandwashed-mulberry-silk-dress-backless-silver\/"},"modified":"2026-04-20T03:36:54","modified_gmt":"2026-04-20T03:36:54","slug":"25-momme-sandwashed-mulberry-silk-dress-backless-silver","status":"publish","type":"product","link":"https:\/\/silk-pajamas.com\/de\/25-momme-sandwashed-mulberry-silk-dress-backless-silver\/","title":{"rendered":"25 Momme Sandwiches Maulbeerseiden-Kleid r\u00fcckenfrei Silber"},"content":{"rendered":"<p>Dieses Seidenkleid ist aus 25 momme sandgewaschener Seide in einem Silberton gefertigt. Es ist r\u00fcckenfrei, hat ein weiches Handgef\u00fchl und einen bequemen Fall f\u00fcr Frauen. Der Stil unterst\u00fctzt Gr\u00f6\u00dfen Custom und funktioniert gut f\u00fcr alle Jahreszeiten tragen, Geschenk-und t\u00e4glichen Komfort. Handw\u00e4sche kalt oder im Schonwaschgang.<\/p>","protected":false},"excerpt":{"rendered":"<p>25 Momme Sandwashed Seidenkleid aus Seide in Silber. R\u00fcckenfrei, atmungsaktiv und in der Gr\u00f6\u00dfe \"Custom\" erh\u00e4ltlich. Entworfen f\u00fcr Frauen.<\/p>","protected":false},"featured_media":1711,"template":"","meta":{"_gspb_post_css":""},"product_brand":[],"product_cat":[29],"product_tag":[685,664,654],"class_list":{"0":"post-831","1":"product","2":"type-product","3":"status-publish","4":"has-post-thumbnail","6":"product_cat-silk-dresses","7":"product_tag-25-momme-silk-dress-silver","8":"product_tag-sandwashed-silk-dress-backless","9":"product_tag-supplier-silk-dress-for-women","11":"first","12":"instock","13":"shipping-taxable","14":"purchasable","15":"product-type-simple"},"_links":{"self":[{"href":"https:\/\/silk-pajamas.com\/de\/wp-json\/wp\/v2\/product\/831","targetHints":{"allow":["GET"]}}],"collection":[{"href":"https:\/\/silk-pajamas.com\/de\/wp-json\/wp\/v2\/product"}],"about":[{"href":"https:\/\/silk-pajamas.com\/de\/wp-json\/wp\/v2\/types\/product"}],"wp:featuredmedia":[{"embeddable":true,"href":"https:\/\/silk-pajamas.com\/de\/wp-json\/wp\/v2\/media\/1711"}],"wp:attachment":[{"href":"https:\/\/silk-pajamas.com\/de\/wp-json\/wp\/v2\/media?parent=831"}],"wp:term":[{"taxonomy":"product_brand","embeddable":true,"href":"https:\/\/silk-pajamas.com\/de\/wp-json\/wp\/v2\/product_brand?post=831"},{"taxonomy":"product_cat","embeddable":true,"href":"https:\/\/silk-pajamas.com\/de\/wp-json\/wp\/v2\/product_cat?post=831"},{"taxonomy":"product_tag","embeddable":true,"href":"https:\/\/silk-pajamas.com\/de\/wp-json\/wp\/v2\/product_tag?post=831"}],"curies":[{"name":"wp","href":"https:\/\/api.w.org\/{rel}","templated":true}]}}