{"id":833,"date":"2026-04-12T15:43:32","date_gmt":"2026-04-12T15:43:32","guid":{"rendered":"https:\/\/silk-pajamas.com\/25-momme-crepe-silk-dress-bias-cut-sky-blue\/"},"modified":"2026-05-06T03:01:04","modified_gmt":"2026-05-06T03:01:04","slug":"25-momme-crepe-silk-dress-bias-cut-sky-blue","status":"publish","type":"product","link":"https:\/\/silk-pajamas.com\/de\/25-momme-crepe-silk-dress-bias-cut-sky-blue\/","title":{"rendered":"25 Momme Crepe Seidenkleid Schr\u00e4gschnitt Himmelblau"},"content":{"rendered":"<p>Dieses Seidenkleid aus 25-Momme-Cr\u00eape-Seide ist schr\u00e4g geschnitten, gl\u00e4nzt zart und f\u00fchlt sich atmungsaktiv an. Das himmelblaue Finish verleiht ihm einen raffinierten Look, w\u00e4hrend die Gr\u00f6\u00dfen XS, S, M, L, XL helfen, den Kernbedarf zu decken. Geeignet f\u00fcr die Damen- und Fr\u00fchlingsgarderobe. Kalt von Hand waschen oder im Schonwaschgang.<\/p>","protected":false},"excerpt":{"rendered":"<p>25 Momme Crepe Seidenkleid in Himmelblau. Bias Cut Verarbeitung, knitterfrei und Gr\u00f6\u00dfenauswahl XS, S, M, L, XL. Entworfen f\u00fcr Frauen.<\/p>","protected":false},"featured_media":1723,"template":"","meta":{"_gspb_post_css":""},"product_brand":[],"product_cat":[29],"product_tag":[686,687,678],"class_list":{"0":"post-833","1":"product","2":"type-product","3":"status-publish","4":"has-post-thumbnail","6":"product_cat-silk-dresses","7":"product_tag-25-momme-silk-dress-sky-blue","8":"product_tag-crepe-silk-dress-bias-cut","9":"product_tag-vendor-silk-dress-for-women","11":"first","12":"instock","13":"featured","14":"shipping-taxable","15":"purchasable","16":"product-type-simple"},"_links":{"self":[{"href":"https:\/\/silk-pajamas.com\/de\/wp-json\/wp\/v2\/product\/833","targetHints":{"allow":["GET"]}}],"collection":[{"href":"https:\/\/silk-pajamas.com\/de\/wp-json\/wp\/v2\/product"}],"about":[{"href":"https:\/\/silk-pajamas.com\/de\/wp-json\/wp\/v2\/types\/product"}],"wp:featuredmedia":[{"embeddable":true,"href":"https:\/\/silk-pajamas.com\/de\/wp-json\/wp\/v2\/media\/1723"}],"wp:attachment":[{"href":"https:\/\/silk-pajamas.com\/de\/wp-json\/wp\/v2\/media?parent=833"}],"wp:term":[{"taxonomy":"product_brand","embeddable":true,"href":"https:\/\/silk-pajamas.com\/de\/wp-json\/wp\/v2\/product_brand?post=833"},{"taxonomy":"product_cat","embeddable":true,"href":"https:\/\/silk-pajamas.com\/de\/wp-json\/wp\/v2\/product_cat?post=833"},{"taxonomy":"product_tag","embeddable":true,"href":"https:\/\/silk-pajamas.com\/de\/wp-json\/wp\/v2\/product_tag?post=833"}],"curies":[{"name":"wp","href":"https:\/\/api.w.org\/{rel}","templated":true}]}}