{"id":836,"date":"2026-04-12T15:43:33","date_gmt":"2026-04-12T15:43:33","guid":{"rendered":"https:\/\/silk-pajamas.com\/19-momme-mulberry-silk-jacket-kimono-pearl-wholesale\/"},"modified":"2026-04-20T02:39:34","modified_gmt":"2026-04-20T02:39:34","slug":"19-momme-mulberry-silk-jacket-kimono-pearl-wholesale","status":"publish","type":"product","link":"https:\/\/silk-pajamas.com\/de\/19-momme-mulberry-silk-jacket-kimono-pearl-wholesale\/","title":{"rendered":"19 Momme Mulberry Seidenjacke Kimono Perle Gro\u00dfhandel"},"content":{"rendered":"<p>Diese leichte \u00e4u\u00dfere Schicht ist aus 19 momme Maulbeerseide in einem Perlton gefertigt. Es zeichnet sich durch einen Kimono, ein weiches Handgef\u00fchl und einen bequemen Fall f\u00fcr Frauen aus. Der Stil unterst\u00fctzt die Gr\u00f6\u00dfe \"Custom\" und eignet sich gut f\u00fcr den Fr\u00fchling, zum Verschenken und f\u00fcr den t\u00e4glichen Komfort. Handw\u00e4sche kalt oder im Schonwaschgang.<\/p>","protected":false},"excerpt":{"rendered":"<p>19 Momme Mulberry Seide leichte \u00e4u\u00dfere Schicht in Pearl. Kimono-Finish, thermoregulierendes Gef\u00fchl und Gr\u00f6\u00dfenauswahl Custom. Entworfen f\u00fcr Frauen.<\/p>","protected":false},"featured_media":1667,"template":"","meta":{"_gspb_post_css":""},"product_brand":[],"product_cat":[33],"product_tag":[694,695,696],"class_list":{"0":"post-836","1":"product","2":"type-product","3":"status-publish","4":"has-post-thumbnail","6":"product_cat-silk-outerwears","7":"product_tag-19-momme-silk-outerwear-pearl","8":"product_tag-mulberry-silk-outerwear-kimono","9":"product_tag-vendor-silk-outerwear-for-women","11":"first","12":"instock","13":"shipping-taxable","14":"purchasable","15":"product-type-simple"},"_links":{"self":[{"href":"https:\/\/silk-pajamas.com\/de\/wp-json\/wp\/v2\/product\/836","targetHints":{"allow":["GET"]}}],"collection":[{"href":"https:\/\/silk-pajamas.com\/de\/wp-json\/wp\/v2\/product"}],"about":[{"href":"https:\/\/silk-pajamas.com\/de\/wp-json\/wp\/v2\/types\/product"}],"wp:featuredmedia":[{"embeddable":true,"href":"https:\/\/silk-pajamas.com\/de\/wp-json\/wp\/v2\/media\/1667"}],"wp:attachment":[{"href":"https:\/\/silk-pajamas.com\/de\/wp-json\/wp\/v2\/media?parent=836"}],"wp:term":[{"taxonomy":"product_brand","embeddable":true,"href":"https:\/\/silk-pajamas.com\/de\/wp-json\/wp\/v2\/product_brand?post=836"},{"taxonomy":"product_cat","embeddable":true,"href":"https:\/\/silk-pajamas.com\/de\/wp-json\/wp\/v2\/product_cat?post=836"},{"taxonomy":"product_tag","embeddable":true,"href":"https:\/\/silk-pajamas.com\/de\/wp-json\/wp\/v2\/product_tag?post=836"}],"curies":[{"name":"wp","href":"https:\/\/api.w.org\/{rel}","templated":true}]}}