{"id":838,"date":"2026-04-12T15:43:33","date_gmt":"2026-04-12T15:43:33","guid":{"rendered":"https:\/\/silk-pajamas.com\/25-momme-mulberry-silk-cover-up-open-front-blush\/"},"modified":"2026-04-20T02:44:24","modified_gmt":"2026-04-20T02:44:24","slug":"25-momme-mulberry-silk-cover-up-open-front-blush","status":"publish","type":"product","link":"https:\/\/silk-pajamas.com\/de\/25-momme-mulberry-silk-cover-up-open-front-blush\/","title":{"rendered":"25 Momme Mulberry Silk Cover Up Open Front Blush"},"content":{"rendered":"<p>Dieses leichte Oberteil aus 25 momme Maulbeerseide ist atmungsaktiv, f\u00fchlt sich sanft auf der Haut an und bietet elegante Bewegungsfreiheit. Die offene Vorderseite und die err\u00f6tende Farbe sorgen f\u00fcr einen raffinierten Lagen-Look. Erh\u00e4ltlich in M, L, XL, XXL. Kalt von Hand waschen oder im Schonwaschgang.<\/p>","protected":false},"excerpt":{"rendered":"<p>25 Momme Mulberry Seide leichte \u00e4u\u00dfere Schicht in Blush. Offene Front, atmungsaktiv und in den Gr\u00f6\u00dfen M, L, XL, XXL erh\u00e4ltlich. Entworfen f\u00fcr Lagenlooks.<\/p>","protected":false},"featured_media":1677,"template":"","meta":{"_gspb_post_css":""},"product_brand":[],"product_cat":[33],"product_tag":[699,689,700],"class_list":{"0":"post-838","1":"product","2":"type-product","3":"status-publish","4":"has-post-thumbnail","6":"product_cat-silk-outerwears","7":"product_tag-25-momme-silk-outerwear-blush","8":"product_tag-mulberry-silk-outerwear-open-front","9":"product_tag-vendor-silk-outerwear-for-layering-looks","11":"first","12":"instock","13":"shipping-taxable","14":"purchasable","15":"product-type-simple"},"_links":{"self":[{"href":"https:\/\/silk-pajamas.com\/de\/wp-json\/wp\/v2\/product\/838","targetHints":{"allow":["GET"]}}],"collection":[{"href":"https:\/\/silk-pajamas.com\/de\/wp-json\/wp\/v2\/product"}],"about":[{"href":"https:\/\/silk-pajamas.com\/de\/wp-json\/wp\/v2\/types\/product"}],"wp:featuredmedia":[{"embeddable":true,"href":"https:\/\/silk-pajamas.com\/de\/wp-json\/wp\/v2\/media\/1677"}],"wp:attachment":[{"href":"https:\/\/silk-pajamas.com\/de\/wp-json\/wp\/v2\/media?parent=838"}],"wp:term":[{"taxonomy":"product_brand","embeddable":true,"href":"https:\/\/silk-pajamas.com\/de\/wp-json\/wp\/v2\/product_brand?post=838"},{"taxonomy":"product_cat","embeddable":true,"href":"https:\/\/silk-pajamas.com\/de\/wp-json\/wp\/v2\/product_cat?post=838"},{"taxonomy":"product_tag","embeddable":true,"href":"https:\/\/silk-pajamas.com\/de\/wp-json\/wp\/v2\/product_tag?post=838"}],"curies":[{"name":"wp","href":"https:\/\/api.w.org\/{rel}","templated":true}]}}