{"id":840,"date":"2026-04-12T15:43:33","date_gmt":"2026-04-12T15:43:33","guid":{"rendered":"https:\/\/silk-pajamas.com\/25-momme-sandwashed-silk-jacket-quilted-ivory\/"},"modified":"2026-04-20T02:49:42","modified_gmt":"2026-04-20T02:49:42","slug":"25-momme-sandwashed-silk-jacket-quilted-ivory","status":"publish","type":"product","link":"https:\/\/silk-pajamas.com\/de\/25-momme-sandwashed-silk-jacket-quilted-ivory\/","title":{"rendered":"25 Momme Sandwich Seidenjacke gesteppt Elfenbein"},"content":{"rendered":"<p>Dieses leichte Oberteil aus 25 momme sandgewaschener Seide bietet einen glatten Faltenwurf, ein sanftes Hautgef\u00fchl und elegante Bewegungen. Die gesteppte Konstruktion und die elfenbeinfarbene Farbe sorgen f\u00fcr einen eleganten Look f\u00fcr Frauen. Erh\u00e4ltlich in M, L, XL, XXL. Kalt von Hand waschen oder im Schonwaschgang.<\/p>","protected":false},"excerpt":{"rendered":"<p>25 Momme Sandwashed Seide leichte \u00e4u\u00dfere Schicht in Elfenbein. Gesteppte Verarbeitung, weicher Fall und Gr\u00f6\u00dfenbereich M, L, XL, XXL. Entworfen f\u00fcr Frauen.<\/p>","protected":false},"featured_media":1685,"template":"","meta":{"_gspb_post_css":""},"product_brand":[],"product_cat":[33],"product_tag":[703,705,704],"class_list":{"0":"post-840","1":"product","2":"type-product","3":"status-publish","4":"has-post-thumbnail","6":"product_cat-silk-outerwears","7":"product_tag-25-momme-silk-outerwear-ivory","8":"product_tag-manufacturer-silk-outerwear-for-women","9":"product_tag-sandwashed-silk-outerwear-quilted","11":"first","12":"instock","13":"shipping-taxable","14":"purchasable","15":"product-type-simple"},"_links":{"self":[{"href":"https:\/\/silk-pajamas.com\/de\/wp-json\/wp\/v2\/product\/840","targetHints":{"allow":["GET"]}}],"collection":[{"href":"https:\/\/silk-pajamas.com\/de\/wp-json\/wp\/v2\/product"}],"about":[{"href":"https:\/\/silk-pajamas.com\/de\/wp-json\/wp\/v2\/types\/product"}],"wp:featuredmedia":[{"embeddable":true,"href":"https:\/\/silk-pajamas.com\/de\/wp-json\/wp\/v2\/media\/1685"}],"wp:attachment":[{"href":"https:\/\/silk-pajamas.com\/de\/wp-json\/wp\/v2\/media?parent=840"}],"wp:term":[{"taxonomy":"product_brand","embeddable":true,"href":"https:\/\/silk-pajamas.com\/de\/wp-json\/wp\/v2\/product_brand?post=840"},{"taxonomy":"product_cat","embeddable":true,"href":"https:\/\/silk-pajamas.com\/de\/wp-json\/wp\/v2\/product_cat?post=840"},{"taxonomy":"product_tag","embeddable":true,"href":"https:\/\/silk-pajamas.com\/de\/wp-json\/wp\/v2\/product_tag?post=840"}],"curies":[{"name":"wp","href":"https:\/\/api.w.org\/{rel}","templated":true}]}}