{"id":841,"date":"2026-04-12T15:43:33","date_gmt":"2026-04-12T15:43:33","guid":{"rendered":"https:\/\/silk-pajamas.com\/25-momme-charmeuse-silk-jacket-quilted-black\/"},"modified":"2026-04-20T02:50:44","modified_gmt":"2026-04-20T02:50:44","slug":"25-momme-charmeuse-silk-jacket-quilted-black","status":"publish","type":"product","link":"https:\/\/silk-pajamas.com\/de\/25-momme-charmeuse-silk-jacket-quilted-black\/","title":{"rendered":"25 Momme Charmeuse Seidenjacke Gesteppt Schwarz"},"content":{"rendered":"<p>Dieses leichte Oberteil aus 25 Momme-Charmeuse-Seide kombiniert gesteppte Details mit einem weichen Glanz und einem atmungsaktiven Tragegef\u00fchl. Das schwarze Finish verleiht ihm einen raffinierten Look, w\u00e4hrend die Gr\u00f6\u00dfe One Size den Kernbedarf abdeckt. Geeignet f\u00fcr Lagenlooks und Herbstgarderobe. Kalt von Hand waschen oder im Schonwaschgang.<\/p>","protected":false},"excerpt":{"rendered":"<p>25 Momme Charmeuse Seide leichte \u00e4u\u00dfere Schicht in Schwarz. Gestepptes Finish, knitterfreies Gef\u00fchl und Gr\u00f6\u00dfenbereich One Size. Entworfen f\u00fcr Lagenlooks.<\/p>","protected":false},"featured_media":1687,"template":"","meta":{"_gspb_post_css":""},"product_brand":[],"product_cat":[33],"product_tag":[706,707,708],"class_list":{"0":"post-841","1":"product","2":"type-product","3":"status-publish","4":"has-post-thumbnail","6":"product_cat-silk-outerwears","7":"product_tag-25-momme-silk-outerwear-black","8":"product_tag-charmeuse-silk-outerwear-quilted","9":"product_tag-manufacturer-silk-outerwear-for-layering-looks","11":"first","12":"instock","13":"shipping-taxable","14":"purchasable","15":"product-type-simple"},"_links":{"self":[{"href":"https:\/\/silk-pajamas.com\/de\/wp-json\/wp\/v2\/product\/841","targetHints":{"allow":["GET"]}}],"collection":[{"href":"https:\/\/silk-pajamas.com\/de\/wp-json\/wp\/v2\/product"}],"about":[{"href":"https:\/\/silk-pajamas.com\/de\/wp-json\/wp\/v2\/types\/product"}],"wp:featuredmedia":[{"embeddable":true,"href":"https:\/\/silk-pajamas.com\/de\/wp-json\/wp\/v2\/media\/1687"}],"wp:attachment":[{"href":"https:\/\/silk-pajamas.com\/de\/wp-json\/wp\/v2\/media?parent=841"}],"wp:term":[{"taxonomy":"product_brand","embeddable":true,"href":"https:\/\/silk-pajamas.com\/de\/wp-json\/wp\/v2\/product_brand?post=841"},{"taxonomy":"product_cat","embeddable":true,"href":"https:\/\/silk-pajamas.com\/de\/wp-json\/wp\/v2\/product_cat?post=841"},{"taxonomy":"product_tag","embeddable":true,"href":"https:\/\/silk-pajamas.com\/de\/wp-json\/wp\/v2\/product_tag?post=841"}],"curies":[{"name":"wp","href":"https:\/\/api.w.org\/{rel}","templated":true}]}}