{"id":842,"date":"2026-04-12T15:43:33","date_gmt":"2026-04-12T15:43:33","guid":{"rendered":"https:\/\/silk-pajamas.com\/25-momme-sandwashed-silk-jacket-bomber-emerald\/"},"modified":"2026-04-20T02:52:41","modified_gmt":"2026-04-20T02:52:41","slug":"25-momme-sandwashed-silk-jacket-bomber-emerald","status":"publish","type":"product","link":"https:\/\/silk-pajamas.com\/de\/25-momme-sandwashed-silk-jacket-bomber-emerald\/","title":{"rendered":"25 Momme Sandwich Seidenjacke Bomber Smaragd"},"content":{"rendered":"<p>Dieses leichte Oberteil aus 25-Momme-Sandwich-Seide kombiniert Bomber-Details mit einem weichen Glanz und einem atmungsaktiven Tragegef\u00fchl. Das smaragdgr\u00fcne Finish verleiht ihm einen raffinierten Look, w\u00e4hrend die Gr\u00f6\u00dfen M, L, XL und XXL den Kernbedarf decken. Geeignet f\u00fcr die Urlaubsgarderobe und die Herbstgarderobe. Kalt von Hand waschen oder im Schonwaschgang.<\/p>","protected":false},"excerpt":{"rendered":"<p>25 Momme Sandwashed Seide leichte \u00e4u\u00dfere Schicht in Emerald. Bomber-Finish, weicher Griff und Gr\u00f6\u00dfenauswahl M, L, XL, XXL. Konzipiert f\u00fcr den Urlaubsort Dressing.<\/p>","protected":false},"featured_media":1688,"template":"","meta":{"_gspb_post_css":""},"product_brand":[],"product_cat":[33],"product_tag":[709,710,711],"class_list":{"0":"post-842","1":"product","2":"type-product","3":"status-publish","4":"has-post-thumbnail","6":"product_cat-silk-outerwears","7":"product_tag-25-momme-silk-outerwear-emerald","8":"product_tag-sandwashed-silk-outerwear-bomber","9":"product_tag-vendor-silk-outerwear-for-resort-dressing","11":"first","12":"instock","13":"shipping-taxable","14":"purchasable","15":"product-type-simple"},"_links":{"self":[{"href":"https:\/\/silk-pajamas.com\/de\/wp-json\/wp\/v2\/product\/842","targetHints":{"allow":["GET"]}}],"collection":[{"href":"https:\/\/silk-pajamas.com\/de\/wp-json\/wp\/v2\/product"}],"about":[{"href":"https:\/\/silk-pajamas.com\/de\/wp-json\/wp\/v2\/types\/product"}],"wp:featuredmedia":[{"embeddable":true,"href":"https:\/\/silk-pajamas.com\/de\/wp-json\/wp\/v2\/media\/1688"}],"wp:attachment":[{"href":"https:\/\/silk-pajamas.com\/de\/wp-json\/wp\/v2\/media?parent=842"}],"wp:term":[{"taxonomy":"product_brand","embeddable":true,"href":"https:\/\/silk-pajamas.com\/de\/wp-json\/wp\/v2\/product_brand?post=842"},{"taxonomy":"product_cat","embeddable":true,"href":"https:\/\/silk-pajamas.com\/de\/wp-json\/wp\/v2\/product_cat?post=842"},{"taxonomy":"product_tag","embeddable":true,"href":"https:\/\/silk-pajamas.com\/de\/wp-json\/wp\/v2\/product_tag?post=842"}],"curies":[{"name":"wp","href":"https:\/\/api.w.org\/{rel}","templated":true}]}}