{"id":844,"date":"2026-04-12T15:43:33","date_gmt":"2026-04-12T15:43:33","guid":{"rendered":"https:\/\/silk-pajamas.com\/25-momme-crepe-silk-cover-up-bomber-lilac-manufacturer\/"},"modified":"2026-04-20T02:57:59","modified_gmt":"2026-04-20T02:57:59","slug":"25-momme-crepe-silk-cover-up-bomber-lilac-manufacturer","status":"publish","type":"product","link":"https:\/\/silk-pajamas.com\/de\/25-momme-crepe-silk-cover-up-bomber-lilac-manufacturer\/","title":{"rendered":"25 Momme Krepp Seide Cover Up Bomber Flieder Hersteller"},"content":{"rendered":"<p>Dieses leichte Oberteil ist aus 25 Momme-Cr\u00eape-Seide in einem lilafarbenen Ton gefertigt. Es ist bombenfest, f\u00fchlt sich weich an und ist bequem zu tragen. Das Modell ist in den Gr\u00f6\u00dfen M, L, XL und XXL erh\u00e4ltlich und eignet sich gut f\u00fcr den Fr\u00fchling, zum Verschenken und f\u00fcr den t\u00e4glichen Komfort. Handw\u00e4sche kalt oder im Schonwaschgang.<\/p>","protected":false},"excerpt":{"rendered":"<p>25 Momme Crepe Seide leichte Au\u00dfenschicht in Flieder. Bomber-Finish, atmungsaktiv und in den Gr\u00f6\u00dfen M, L, XL, XXL erh\u00e4ltlich. Konzipiert f\u00fcr den Einsatz auf Reisen.<\/p>","protected":false},"featured_media":1692,"template":"","meta":{"_gspb_post_css":""},"product_brand":[],"product_cat":[33],"product_tag":[697,715,716],"class_list":{"0":"post-844","1":"product","2":"type-product","3":"status-publish","4":"has-post-thumbnail","6":"product_cat-silk-outerwears","7":"product_tag-25-momme-silk-outerwear-lilac","8":"product_tag-crepe-silk-outerwear-bomber","9":"product_tag-supplier-silk-outerwear-for-travel-use","11":"first","12":"instock","13":"featured","14":"shipping-taxable","15":"purchasable","16":"product-type-simple"},"_links":{"self":[{"href":"https:\/\/silk-pajamas.com\/de\/wp-json\/wp\/v2\/product\/844","targetHints":{"allow":["GET"]}}],"collection":[{"href":"https:\/\/silk-pajamas.com\/de\/wp-json\/wp\/v2\/product"}],"about":[{"href":"https:\/\/silk-pajamas.com\/de\/wp-json\/wp\/v2\/types\/product"}],"wp:featuredmedia":[{"embeddable":true,"href":"https:\/\/silk-pajamas.com\/de\/wp-json\/wp\/v2\/media\/1692"}],"wp:attachment":[{"href":"https:\/\/silk-pajamas.com\/de\/wp-json\/wp\/v2\/media?parent=844"}],"wp:term":[{"taxonomy":"product_brand","embeddable":true,"href":"https:\/\/silk-pajamas.com\/de\/wp-json\/wp\/v2\/product_brand?post=844"},{"taxonomy":"product_cat","embeddable":true,"href":"https:\/\/silk-pajamas.com\/de\/wp-json\/wp\/v2\/product_cat?post=844"},{"taxonomy":"product_tag","embeddable":true,"href":"https:\/\/silk-pajamas.com\/de\/wp-json\/wp\/v2\/product_tag?post=844"}],"curies":[{"name":"wp","href":"https:\/\/api.w.org\/{rel}","templated":true}]}}