{"id":845,"date":"2026-04-12T15:43:34","date_gmt":"2026-04-12T15:43:34","guid":{"rendered":"https:\/\/silk-pajamas.com\/25-momme-charmeuse-silk-jacket-bomber-coffee\/"},"modified":"2026-04-19T07:51:29","modified_gmt":"2026-04-19T07:51:29","slug":"25-momme-charmeuse-silk-jacket-bomber-coffee","status":"publish","type":"product","link":"https:\/\/silk-pajamas.com\/de\/25-momme-charmeuse-silk-jacket-bomber-coffee\/","title":{"rendered":"25 Momme Charmeuse Seidenjacke Bomber Kaffee"},"content":{"rendered":"<p>Dieses leichte Oberteil ist aus 25er Momme-Charmeuse-Seide in einem Kaffeeton gefertigt. Es hat eine Bomberform, ein weiches Tragegef\u00fchl und einen bequemen Faltenwurf f\u00fcr die Freizeitkleidung. Das Modell ist in den Gr\u00f6\u00dfen M, L, XL und XXL erh\u00e4ltlich und eignet sich gut f\u00fcr den Fr\u00fchling, zum Verschenken und f\u00fcr den t\u00e4glichen Komfort. Kalt von Hand waschen oder im Schonwaschgang.<\/p>","protected":false},"excerpt":{"rendered":"<p>25 Momme Charmeuse Seide leichte \u00e4u\u00dfere Schicht in Kaffee. Bomber-Finish, leichtes Tragegef\u00fchl und Gr\u00f6\u00dfenauswahl M, L, XL, XXL. Konzipiert f\u00fcr die Freizeitkleidung.<\/p>","protected":false},"featured_media":1617,"template":"","meta":{"_gspb_post_css":""},"product_brand":[],"product_cat":[33],"product_tag":[717,718,719],"class_list":{"0":"post-845","1":"product","2":"type-product","3":"status-publish","4":"has-post-thumbnail","6":"product_cat-silk-outerwears","7":"product_tag-25-momme-silk-outerwear-coffee","8":"product_tag-charmeuse-silk-outerwear-bomber","9":"product_tag-wholesale-silk-outerwear-for-resort-dressing","11":"first","12":"instock","13":"shipping-taxable","14":"purchasable","15":"product-type-simple"},"_links":{"self":[{"href":"https:\/\/silk-pajamas.com\/de\/wp-json\/wp\/v2\/product\/845","targetHints":{"allow":["GET"]}}],"collection":[{"href":"https:\/\/silk-pajamas.com\/de\/wp-json\/wp\/v2\/product"}],"about":[{"href":"https:\/\/silk-pajamas.com\/de\/wp-json\/wp\/v2\/types\/product"}],"wp:featuredmedia":[{"embeddable":true,"href":"https:\/\/silk-pajamas.com\/de\/wp-json\/wp\/v2\/media\/1617"}],"wp:attachment":[{"href":"https:\/\/silk-pajamas.com\/de\/wp-json\/wp\/v2\/media?parent=845"}],"wp:term":[{"taxonomy":"product_brand","embeddable":true,"href":"https:\/\/silk-pajamas.com\/de\/wp-json\/wp\/v2\/product_brand?post=845"},{"taxonomy":"product_cat","embeddable":true,"href":"https:\/\/silk-pajamas.com\/de\/wp-json\/wp\/v2\/product_cat?post=845"},{"taxonomy":"product_tag","embeddable":true,"href":"https:\/\/silk-pajamas.com\/de\/wp-json\/wp\/v2\/product_tag?post=845"}],"curies":[{"name":"wp","href":"https:\/\/api.w.org\/{rel}","templated":true}]}}