{"id":846,"date":"2026-04-12T15:43:34","date_gmt":"2026-04-12T15:43:34","guid":{"rendered":"https:\/\/silk-pajamas.com\/19-momme-sandwashed-silk-jacket-open-front-black\/"},"modified":"2026-04-19T07:54:54","modified_gmt":"2026-04-19T07:54:54","slug":"19-momme-sandwashed-silk-jacket-open-front-black","status":"publish","type":"product","link":"https:\/\/silk-pajamas.com\/de\/19-momme-sandwashed-silk-jacket-open-front-black\/","title":{"rendered":"19 Momme Sandwash Seidenjacke Open Front Schwarz"},"content":{"rendered":"<p>Dieses leichte Oberteil aus 19 Momme Seide mit Sandwaschung kombiniert eine offene Vorderseite mit einem weichen Glanz und einem atmungsaktiven Tragegef\u00fchl. Das schwarze Finish verleiht ihm einen raffinierten Look, w\u00e4hrend die Gr\u00f6\u00dfen M, L, XL und XXL helfen, den Kernbedarf zu decken. Geeignet f\u00fcr Lagenlooks und Herbstgarderobe. Kalt von Hand waschen oder im Schonwaschgang.<\/p>","protected":false},"excerpt":{"rendered":"<p>19 Momme Sandwashed Seide leichte \u00e4u\u00dfere Schicht in Schwarz. Offene Vorderseite, weicher Griff und Gr\u00f6\u00dfenbereich M, L, XL, XXL. Entworfen f\u00fcr Lagenlooks.<\/p>","protected":false},"featured_media":1622,"template":"","meta":{"_gspb_post_css":""},"product_brand":[],"product_cat":[33],"product_tag":[691,721,720],"class_list":{"0":"post-846","1":"product","2":"type-product","3":"status-publish","4":"has-post-thumbnail","6":"product_cat-silk-outerwears","7":"product_tag-19-momme-silk-outerwear-black","8":"product_tag-factory-silk-outerwear-for-layering-looks","9":"product_tag-sandwashed-silk-outerwear-open-front","11":"first","12":"instock","13":"shipping-taxable","14":"purchasable","15":"product-type-simple"},"_links":{"self":[{"href":"https:\/\/silk-pajamas.com\/de\/wp-json\/wp\/v2\/product\/846","targetHints":{"allow":["GET"]}}],"collection":[{"href":"https:\/\/silk-pajamas.com\/de\/wp-json\/wp\/v2\/product"}],"about":[{"href":"https:\/\/silk-pajamas.com\/de\/wp-json\/wp\/v2\/types\/product"}],"wp:featuredmedia":[{"embeddable":true,"href":"https:\/\/silk-pajamas.com\/de\/wp-json\/wp\/v2\/media\/1622"}],"wp:attachment":[{"href":"https:\/\/silk-pajamas.com\/de\/wp-json\/wp\/v2\/media?parent=846"}],"wp:term":[{"taxonomy":"product_brand","embeddable":true,"href":"https:\/\/silk-pajamas.com\/de\/wp-json\/wp\/v2\/product_brand?post=846"},{"taxonomy":"product_cat","embeddable":true,"href":"https:\/\/silk-pajamas.com\/de\/wp-json\/wp\/v2\/product_cat?post=846"},{"taxonomy":"product_tag","embeddable":true,"href":"https:\/\/silk-pajamas.com\/de\/wp-json\/wp\/v2\/product_tag?post=846"}],"curies":[{"name":"wp","href":"https:\/\/api.w.org\/{rel}","templated":true}]}}