{"id":847,"date":"2026-04-12T15:43:34","date_gmt":"2026-04-12T15:43:34","guid":{"rendered":"https:\/\/silk-pajamas.com\/16-momme-charmeuse-silk-outerwear-belted-wine\/"},"modified":"2026-04-19T07:59:49","modified_gmt":"2026-04-19T07:59:49","slug":"16-momme-charmeuse-silk-outerwear-belted-wine","status":"publish","type":"product","link":"https:\/\/silk-pajamas.com\/de\/16-momme-charmeuse-silk-outerwear-belted-wine\/","title":{"rendered":"16 Momme Charmeuse Seide Outerwear mit G\u00fcrtel Wein"},"content":{"rendered":"<p>Dieses leichte Oberteil aus 16 Momme-Charmeuse-Seide ist knitterfrei, f\u00fchlt sich angenehm auf der Haut an und bietet elegante Bewegungsfreiheit. Die G\u00fcrtelkonstruktion und die Weinfarbe sorgen f\u00fcr einen eleganten Look f\u00fcr Frauen. Erh\u00e4ltlich in S, M, L, XL. Handw\u00e4sche kalt oder im Schonwaschgang.<\/p>","protected":false},"excerpt":{"rendered":"<p>16 Momme Charmeuse Seide leichte \u00e4u\u00dfere Schicht in Wein. Mit G\u00fcrtel, knitterfrei und in den Gr\u00f6\u00dfen S, M, L und XL erh\u00e4ltlich. Entworfen f\u00fcr Frauen.<\/p>","protected":false},"featured_media":1631,"template":"","meta":{"_gspb_post_css":""},"product_brand":[],"product_cat":[33],"product_tag":[722,698,723],"class_list":{"0":"post-847","1":"product","2":"type-product","3":"status-publish","4":"has-post-thumbnail","6":"product_cat-silk-outerwears","7":"product_tag-16-momme-silk-outerwear-wine","8":"product_tag-charmeuse-silk-outerwear-belted","9":"product_tag-supplier-silk-outerwear-for-women","11":"first","12":"instock","13":"shipping-taxable","14":"purchasable","15":"product-type-simple"},"_links":{"self":[{"href":"https:\/\/silk-pajamas.com\/de\/wp-json\/wp\/v2\/product\/847","targetHints":{"allow":["GET"]}}],"collection":[{"href":"https:\/\/silk-pajamas.com\/de\/wp-json\/wp\/v2\/product"}],"about":[{"href":"https:\/\/silk-pajamas.com\/de\/wp-json\/wp\/v2\/types\/product"}],"wp:featuredmedia":[{"embeddable":true,"href":"https:\/\/silk-pajamas.com\/de\/wp-json\/wp\/v2\/media\/1631"}],"wp:attachment":[{"href":"https:\/\/silk-pajamas.com\/de\/wp-json\/wp\/v2\/media?parent=847"}],"wp:term":[{"taxonomy":"product_brand","embeddable":true,"href":"https:\/\/silk-pajamas.com\/de\/wp-json\/wp\/v2\/product_brand?post=847"},{"taxonomy":"product_cat","embeddable":true,"href":"https:\/\/silk-pajamas.com\/de\/wp-json\/wp\/v2\/product_cat?post=847"},{"taxonomy":"product_tag","embeddable":true,"href":"https:\/\/silk-pajamas.com\/de\/wp-json\/wp\/v2\/product_tag?post=847"}],"curies":[{"name":"wp","href":"https:\/\/api.w.org\/{rel}","templated":true}]}}