{"id":848,"date":"2026-04-12T15:43:34","date_gmt":"2026-04-12T15:43:34","guid":{"rendered":"https:\/\/silk-pajamas.com\/19-momme-mulberry-silk-cover-up-lightweight-sage\/"},"modified":"2026-04-19T08:19:48","modified_gmt":"2026-04-19T08:19:48","slug":"19-momme-mulberry-silk-cover-up-lightweight-sage","status":"publish","type":"product","link":"https:\/\/silk-pajamas.com\/de\/19-momme-mulberry-silk-cover-up-lightweight-sage\/","title":{"rendered":"19 Momme Mulberry Silk Cover Up Lightweight Sage"},"content":{"rendered":"<p>Dieses leichte Oberteil aus 19 momme Maulbeerseide bietet ein leichtes, sanftes Hautgef\u00fchl und elegante Bewegung. Die leichte Konstruktion und die salbeifarbene Farbe sorgen f\u00fcr einen eleganten Look am Urlaubsort. Erh\u00e4ltlich in M, L, XL, XXL. Kalt von Hand waschen oder im Schonwaschgang.<\/p>","protected":false},"excerpt":{"rendered":"<p>19 Momme Mulberry Seide leichte \u00e4u\u00dfere Schicht in Salbei. Leichte Verarbeitung, leichtes Tragegef\u00fchl und Gr\u00f6\u00dfenauswahl M, L, XL, XXL. Konzipiert f\u00fcr die Freizeitkleidung.<\/p>","protected":false},"featured_media":1634,"template":"","meta":{"_gspb_post_css":""},"product_brand":[],"product_cat":[33],"product_tag":[701,713,724],"class_list":{"0":"post-848","1":"product","2":"type-product","3":"status-publish","4":"has-post-thumbnail","6":"product_cat-silk-outerwears","7":"product_tag-19-momme-silk-outerwear-sage","8":"product_tag-mulberry-silk-outerwear-lightweight","9":"product_tag-supplier-silk-outerwear-for-resort-dressing","11":"first","12":"instock","13":"shipping-taxable","14":"purchasable","15":"product-type-simple"},"_links":{"self":[{"href":"https:\/\/silk-pajamas.com\/de\/wp-json\/wp\/v2\/product\/848","targetHints":{"allow":["GET"]}}],"collection":[{"href":"https:\/\/silk-pajamas.com\/de\/wp-json\/wp\/v2\/product"}],"about":[{"href":"https:\/\/silk-pajamas.com\/de\/wp-json\/wp\/v2\/types\/product"}],"wp:featuredmedia":[{"embeddable":true,"href":"https:\/\/silk-pajamas.com\/de\/wp-json\/wp\/v2\/media\/1634"}],"wp:attachment":[{"href":"https:\/\/silk-pajamas.com\/de\/wp-json\/wp\/v2\/media?parent=848"}],"wp:term":[{"taxonomy":"product_brand","embeddable":true,"href":"https:\/\/silk-pajamas.com\/de\/wp-json\/wp\/v2\/product_brand?post=848"},{"taxonomy":"product_cat","embeddable":true,"href":"https:\/\/silk-pajamas.com\/de\/wp-json\/wp\/v2\/product_cat?post=848"},{"taxonomy":"product_tag","embeddable":true,"href":"https:\/\/silk-pajamas.com\/de\/wp-json\/wp\/v2\/product_tag?post=848"}],"curies":[{"name":"wp","href":"https:\/\/api.w.org\/{rel}","templated":true}]}}