{"id":852,"date":"2026-04-12T15:43:34","date_gmt":"2026-04-12T15:43:34","guid":{"rendered":"https:\/\/silk-pajamas.com\/16-momme-sandwashed-silk-jacket-open-front-floral\/"},"modified":"2026-04-20T02:21:17","modified_gmt":"2026-04-20T02:21:17","slug":"16-momme-sandwashed-silk-jacket-open-front-floral","status":"publish","type":"product","link":"https:\/\/silk-pajamas.com\/de\/16-momme-sandwashed-silk-jacket-open-front-floral\/","title":{"rendered":"16 Momme Sandwash Seidenjacke Open Front Floral"},"content":{"rendered":"<p>Dieses leichte Oberteil aus 16 Momme-Sandwich-Seide kombiniert eine offene Vorderseite mit einem weichen Glanz und einem atmungsaktiven Tragegef\u00fchl. Das florale Finish verleiht ihm einen raffinierten Look, w\u00e4hrend die Gr\u00f6\u00dfen M, L, XL und XXL den Kernbedarf decken. Geeignet f\u00fcr Lagenlooks und Fr\u00fchlingsgarderobe. Kalt von Hand waschen oder im Schonwaschgang.<\/p>","protected":false},"excerpt":{"rendered":"<p>16 Momme Sandwashed Seide leichte \u00e4u\u00dfere Schicht in Floral. Offene Vorderseite, weicher Faltenwurf und Gr\u00f6\u00dfenbereich M, L, XL, XXL. Entworfen f\u00fcr Lagenlooks.<\/p>","protected":false},"featured_media":1647,"template":"","meta":{"_gspb_post_css":""},"product_brand":[],"product_cat":[33],"product_tag":[731,720,700],"class_list":{"0":"post-852","1":"product","2":"type-product","3":"status-publish","4":"has-post-thumbnail","6":"product_cat-silk-outerwears","7":"product_tag-16-momme-silk-outerwear-floral","8":"product_tag-sandwashed-silk-outerwear-open-front","9":"product_tag-vendor-silk-outerwear-for-layering-looks","11":"first","12":"instock","13":"shipping-taxable","14":"purchasable","15":"product-type-simple"},"_links":{"self":[{"href":"https:\/\/silk-pajamas.com\/de\/wp-json\/wp\/v2\/product\/852","targetHints":{"allow":["GET"]}}],"collection":[{"href":"https:\/\/silk-pajamas.com\/de\/wp-json\/wp\/v2\/product"}],"about":[{"href":"https:\/\/silk-pajamas.com\/de\/wp-json\/wp\/v2\/types\/product"}],"wp:featuredmedia":[{"embeddable":true,"href":"https:\/\/silk-pajamas.com\/de\/wp-json\/wp\/v2\/media\/1647"}],"wp:attachment":[{"href":"https:\/\/silk-pajamas.com\/de\/wp-json\/wp\/v2\/media?parent=852"}],"wp:term":[{"taxonomy":"product_brand","embeddable":true,"href":"https:\/\/silk-pajamas.com\/de\/wp-json\/wp\/v2\/product_brand?post=852"},{"taxonomy":"product_cat","embeddable":true,"href":"https:\/\/silk-pajamas.com\/de\/wp-json\/wp\/v2\/product_cat?post=852"},{"taxonomy":"product_tag","embeddable":true,"href":"https:\/\/silk-pajamas.com\/de\/wp-json\/wp\/v2\/product_tag?post=852"}],"curies":[{"name":"wp","href":"https:\/\/api.w.org\/{rel}","templated":true}]}}