{"id":856,"date":"2026-04-12T15:43:35","date_gmt":"2026-04-12T15:43:35","guid":{"rendered":"https:\/\/silk-pajamas.com\/19-momme-mulberry-silk-pants-ankle-length-sage\/"},"modified":"2026-04-19T07:41:08","modified_gmt":"2026-04-19T07:41:08","slug":"19-momme-mulberry-silk-pants-ankle-length-sage","status":"publish","type":"product","link":"https:\/\/silk-pajamas.com\/de\/19-momme-mulberry-silk-pants-ankle-length-sage\/","title":{"rendered":"19 Momme Mulberry Seidenhose Kn\u00f6chellang Salbei"},"content":{"rendered":"<p>Diese ma\u00dfgeschneiderte Seidenhose aus 19 momme Maulbeerseide kombiniert kn\u00f6chellange Details mit einem weichen Glanz und einem atmungsaktiven Tragegef\u00fchl. Das salbeifarbene Finish verleiht ihr einen raffinierten Look, w\u00e4hrend die Gr\u00f6\u00dfe Custom hilft, den Kernbedarf zu decken. Geeignet f\u00fcr die Damen- und Fr\u00fchlingsgarderobe. Handw\u00e4sche kalt oder im Schonwaschgang.<\/p>","protected":false},"excerpt":{"rendered":"<p>19 Momme Mulberry Seide ma\u00dfgeschneiderte Seidenhose in Salbei. Kn\u00f6chellange Ausf\u00fchrung, atmungsaktives Gef\u00fchl und Gr\u00f6\u00dfenauswahl nach Ma\u00df. Entworfen f\u00fcr Frauen.<\/p>","protected":false},"featured_media":1599,"template":"","meta":{"_gspb_post_css":""},"product_brand":[],"product_cat":[31],"product_tag":[737,738,739],"class_list":{"0":"post-856","1":"product","2":"type-product","3":"status-publish","4":"has-post-thumbnail","6":"product_cat-silk-pants","7":"product_tag-19-momme-silk-pants-sage","8":"product_tag-mulberry-silk-pants-ankle-length","9":"product_tag-supplier-silk-pants-for-women","11":"first","12":"instock","13":"featured","14":"shipping-taxable","15":"purchasable","16":"product-type-simple"},"_links":{"self":[{"href":"https:\/\/silk-pajamas.com\/de\/wp-json\/wp\/v2\/product\/856","targetHints":{"allow":["GET"]}}],"collection":[{"href":"https:\/\/silk-pajamas.com\/de\/wp-json\/wp\/v2\/product"}],"about":[{"href":"https:\/\/silk-pajamas.com\/de\/wp-json\/wp\/v2\/types\/product"}],"wp:featuredmedia":[{"embeddable":true,"href":"https:\/\/silk-pajamas.com\/de\/wp-json\/wp\/v2\/media\/1599"}],"wp:attachment":[{"href":"https:\/\/silk-pajamas.com\/de\/wp-json\/wp\/v2\/media?parent=856"}],"wp:term":[{"taxonomy":"product_brand","embeddable":true,"href":"https:\/\/silk-pajamas.com\/de\/wp-json\/wp\/v2\/product_brand?post=856"},{"taxonomy":"product_cat","embeddable":true,"href":"https:\/\/silk-pajamas.com\/de\/wp-json\/wp\/v2\/product_cat?post=856"},{"taxonomy":"product_tag","embeddable":true,"href":"https:\/\/silk-pajamas.com\/de\/wp-json\/wp\/v2\/product_tag?post=856"}],"curies":[{"name":"wp","href":"https:\/\/api.w.org\/{rel}","templated":true}]}}