{"id":860,"date":"2026-04-12T15:43:35","date_gmt":"2026-04-12T15:43:35","guid":{"rendered":"https:\/\/silk-pajamas.com\/22-momme-crepe-mulberry-silk-pants-ankle-length-coffee\/"},"modified":"2026-04-19T07:47:33","modified_gmt":"2026-04-19T07:47:33","slug":"22-momme-crepe-mulberry-silk-pants-ankle-length-coffee","status":"publish","type":"product","link":"https:\/\/silk-pajamas.com\/de\/22-momme-crepe-mulberry-silk-pants-ankle-length-coffee\/","title":{"rendered":"22 Momme Cr\u00eape Maulbeerseide Hose Kn\u00f6chellang Kaffee"},"content":{"rendered":"<p>Diese ma\u00dfgeschneiderte Seidenhose aus 22 Momme-Cr\u00eape-Seide bietet ein atmungsaktives, sanftes Hautgef\u00fchl und elegante Bewegungsfreiheit. Die kn\u00f6chellange Konstruktion und die Kaffeefarbe sorgen f\u00fcr einen eleganten Look f\u00fcr die Reise. Erh\u00e4ltlich in XS, S, M, L, XL, XXL. Handw\u00e4sche kalt oder im Schonwaschgang.<\/p>","protected":false},"excerpt":{"rendered":"<p>22 Momme Crepe Seidenhose aus Seide in der Farbe Coffee. Kn\u00f6chellang, atmungsaktiv und in den Gr\u00f6\u00dfen XS, S, M, L, XL, XXL erh\u00e4ltlich. Entworfen f\u00fcr den Einsatz auf Reisen.<\/p>","protected":false},"featured_media":1588,"template":"","meta":{"_gspb_post_css":""},"product_brand":[],"product_cat":[31],"product_tag":[745,748,749],"class_list":{"0":"post-860","1":"product","2":"type-product","3":"status-publish","4":"has-post-thumbnail","6":"product_cat-silk-pants","7":"product_tag-22-momme-silk-pants-coffee","8":"product_tag-crepe-silk-pants-ankle-length","9":"product_tag-manufacturer-silk-pants-for-travel-use","11":"first","12":"instock","13":"shipping-taxable","14":"purchasable","15":"product-type-simple"},"_links":{"self":[{"href":"https:\/\/silk-pajamas.com\/de\/wp-json\/wp\/v2\/product\/860","targetHints":{"allow":["GET"]}}],"collection":[{"href":"https:\/\/silk-pajamas.com\/de\/wp-json\/wp\/v2\/product"}],"about":[{"href":"https:\/\/silk-pajamas.com\/de\/wp-json\/wp\/v2\/types\/product"}],"wp:featuredmedia":[{"embeddable":true,"href":"https:\/\/silk-pajamas.com\/de\/wp-json\/wp\/v2\/media\/1588"}],"wp:attachment":[{"href":"https:\/\/silk-pajamas.com\/de\/wp-json\/wp\/v2\/media?parent=860"}],"wp:term":[{"taxonomy":"product_brand","embeddable":true,"href":"https:\/\/silk-pajamas.com\/de\/wp-json\/wp\/v2\/product_brand?post=860"},{"taxonomy":"product_cat","embeddable":true,"href":"https:\/\/silk-pajamas.com\/de\/wp-json\/wp\/v2\/product_cat?post=860"},{"taxonomy":"product_tag","embeddable":true,"href":"https:\/\/silk-pajamas.com\/de\/wp-json\/wp\/v2\/product_tag?post=860"}],"curies":[{"name":"wp","href":"https:\/\/api.w.org\/{rel}","templated":true}]}}