{"id":861,"date":"2026-04-12T15:43:35","date_gmt":"2026-04-12T15:43:35","guid":{"rendered":"https:\/\/silk-pajamas.com\/19-momme-sandwashed-mulberry-silk-pants-high-rise-emerald\/"},"modified":"2026-04-19T07:49:54","modified_gmt":"2026-04-19T07:49:54","slug":"19-momme-sandwashed-mulberry-silk-pants-high-rise-emerald","status":"publish","type":"product","link":"https:\/\/silk-pajamas.com\/de\/19-momme-sandwashed-mulberry-silk-pants-high-rise-emerald\/","title":{"rendered":"19 Momme Sandwashed Mulberry Silk Hose High Rise Emerald"},"content":{"rendered":"<p>Diese ma\u00dfgeschneiderte Seidenhose ist aus 19 momme sandgewaschener Seide in einem Smaragdton gefertigt. Sie hat eine hohe Leibh\u00f6he, ein weiches Handgef\u00fchl und einen bequemen Fall f\u00fcr B\u00fcro-Outfits. Der Stil unterst\u00fctzt die Gr\u00f6\u00dfe Custom und eignet sich gut f\u00fcr Fr\u00fchlingskleidung, Geschenke und t\u00e4glichen Komfort. Kalt von Hand waschen oder im Schonwaschgang.<\/p>","protected":false},"excerpt":{"rendered":"<p>19 Momme Sandwashed Seide ma\u00dfgeschneiderte Seidenhose in Emerald. High-Rise-Finish, knitterfreies Gef\u00fchl und Gr\u00f6\u00dfenbereich Custom. Entworfen f\u00fcr B\u00fcro-Outfits.<\/p>","protected":false},"featured_media":1611,"template":"","meta":{"_gspb_post_css":""},"product_brand":[],"product_cat":[31],"product_tag":[750,747,751],"class_list":{"0":"post-861","1":"product","2":"type-product","3":"status-publish","4":"has-post-thumbnail","6":"product_cat-silk-pants","7":"product_tag-19-momme-silk-pants-emerald","8":"product_tag-factory-silk-pants-for-office-outfits","9":"product_tag-sandwashed-silk-pants-high-rise","11":"first","12":"instock","13":"featured","14":"shipping-taxable","15":"purchasable","16":"product-type-simple"},"_links":{"self":[{"href":"https:\/\/silk-pajamas.com\/de\/wp-json\/wp\/v2\/product\/861","targetHints":{"allow":["GET"]}}],"collection":[{"href":"https:\/\/silk-pajamas.com\/de\/wp-json\/wp\/v2\/product"}],"about":[{"href":"https:\/\/silk-pajamas.com\/de\/wp-json\/wp\/v2\/types\/product"}],"wp:featuredmedia":[{"embeddable":true,"href":"https:\/\/silk-pajamas.com\/de\/wp-json\/wp\/v2\/media\/1611"}],"wp:attachment":[{"href":"https:\/\/silk-pajamas.com\/de\/wp-json\/wp\/v2\/media?parent=861"}],"wp:term":[{"taxonomy":"product_brand","embeddable":true,"href":"https:\/\/silk-pajamas.com\/de\/wp-json\/wp\/v2\/product_brand?post=861"},{"taxonomy":"product_cat","embeddable":true,"href":"https:\/\/silk-pajamas.com\/de\/wp-json\/wp\/v2\/product_cat?post=861"},{"taxonomy":"product_tag","embeddable":true,"href":"https:\/\/silk-pajamas.com\/de\/wp-json\/wp\/v2\/product_tag?post=861"}],"curies":[{"name":"wp","href":"https:\/\/api.w.org\/{rel}","templated":true}]}}