{"id":865,"date":"2026-04-12T15:43:37","date_gmt":"2026-04-12T15:43:37","guid":{"rendered":"https:\/\/silk-pajamas.com\/22-momme-mulberry-silk-pants-wide-leg-lilac-manufacturer\/"},"modified":"2026-04-19T07:16:56","modified_gmt":"2026-04-19T07:16:56","slug":"22-momme-mulberry-silk-pants-wide-leg-lilac-manufacturer","status":"publish","type":"product","link":"https:\/\/silk-pajamas.com\/de\/22-momme-mulberry-silk-pants-wide-leg-lilac-manufacturer\/","title":{"rendered":"22 Momme Maulbeerseidenhosen Weites Bein Flieder Hersteller"},"content":{"rendered":"<p>Diese ma\u00dfgeschneiderte Seidenhose ist aus 22 momme Maulbeerseide in einem fliederfarbenen Ton gefertigt. Sie zeichnet sich durch ein weites Bein, ein weiches Handgef\u00fchl und einen bequemen Faltenwurf f\u00fcr die Reise aus. Der Stil unterst\u00fctzt die Gr\u00f6\u00dfe Custom und eignet sich gut f\u00fcr den Fr\u00fchling, zum Verschenken und f\u00fcr den t\u00e4glichen Komfort. Handw\u00e4sche kalt oder im Schonwaschgang.<\/p>","protected":false},"excerpt":{"rendered":"<p>22 Momme Mulberry Seide ma\u00dfgeschneiderte Seidenhose in Flieder. Weites Bein, leichtes Tragegef\u00fchl und Gr\u00f6\u00dfenauswahl nach Ma\u00df. Entworfen f\u00fcr den Einsatz auf Reisen.<\/p>","protected":false},"featured_media":1484,"template":"","meta":{"_gspb_post_css":""},"product_brand":[],"product_cat":[31],"product_tag":[760,746,761],"class_list":{"0":"post-865","1":"product","2":"type-product","3":"status-publish","4":"has-post-thumbnail","6":"product_cat-silk-pants","7":"product_tag-22-momme-silk-pants-lilac","8":"product_tag-mulberry-silk-pants-wide-leg","9":"product_tag-wholesale-silk-pants-for-travel-use","11":"first","12":"instock","13":"shipping-taxable","14":"purchasable","15":"product-type-simple"},"_links":{"self":[{"href":"https:\/\/silk-pajamas.com\/de\/wp-json\/wp\/v2\/product\/865","targetHints":{"allow":["GET"]}}],"collection":[{"href":"https:\/\/silk-pajamas.com\/de\/wp-json\/wp\/v2\/product"}],"about":[{"href":"https:\/\/silk-pajamas.com\/de\/wp-json\/wp\/v2\/types\/product"}],"wp:featuredmedia":[{"embeddable":true,"href":"https:\/\/silk-pajamas.com\/de\/wp-json\/wp\/v2\/media\/1484"}],"wp:attachment":[{"href":"https:\/\/silk-pajamas.com\/de\/wp-json\/wp\/v2\/media?parent=865"}],"wp:term":[{"taxonomy":"product_brand","embeddable":true,"href":"https:\/\/silk-pajamas.com\/de\/wp-json\/wp\/v2\/product_brand?post=865"},{"taxonomy":"product_cat","embeddable":true,"href":"https:\/\/silk-pajamas.com\/de\/wp-json\/wp\/v2\/product_cat?post=865"},{"taxonomy":"product_tag","embeddable":true,"href":"https:\/\/silk-pajamas.com\/de\/wp-json\/wp\/v2\/product_tag?post=865"}],"curies":[{"name":"wp","href":"https:\/\/api.w.org\/{rel}","templated":true}]}}