{"id":868,"date":"2026-04-12T15:43:37","date_gmt":"2026-04-12T15:43:37","guid":{"rendered":"https:\/\/silk-pajamas.com\/16-momme-crepe-silk-pants-elastic-waist-pearl-factory\/"},"modified":"2026-04-19T07:23:00","modified_gmt":"2026-04-19T07:23:00","slug":"16-momme-crepe-silk-pants-elastic-waist-pearl-factory","status":"publish","type":"product","link":"https:\/\/silk-pajamas.com\/de\/16-momme-crepe-silk-pants-elastic-waist-pearl-factory\/","title":{"rendered":"16 Momme Krepp-Seidenhose mit elastischer Taille Perlenfabrik"},"content":{"rendered":"<p>Diese ma\u00dfgeschneiderte Seidenhose aus 16-Momme-Cr\u00eape-Seide ist knitterfrei, f\u00fchlt sich angenehm auf der Haut an und bietet elegante Bewegungsfreiheit. Die elastische Taille und die Perlenfarbe sorgen f\u00fcr einen eleganten Look f\u00fcr die Reise. Erh\u00e4ltlich in S, M, L, XL. Handw\u00e4sche kalt oder im Schonwaschgang.<\/p>","protected":false},"excerpt":{"rendered":"<p>16 Momme Crepe Seide ma\u00dfgeschneiderte Seidenhose in Pearl. Elastische Taille, knitterfrei und in den Gr\u00f6\u00dfen S, M, L, XL erh\u00e4ltlich. Konzipiert f\u00fcr den Einsatz auf Reisen.<\/p>","protected":false},"featured_media":1561,"template":"","meta":{"_gspb_post_css":""},"product_brand":[],"product_cat":[31],"product_tag":[767,768,761],"class_list":{"0":"post-868","1":"product","2":"type-product","3":"status-publish","4":"has-post-thumbnail","6":"product_cat-silk-pants","7":"product_tag-16-momme-silk-pants-pearl","8":"product_tag-crepe-silk-pants-elastic-waist","9":"product_tag-wholesale-silk-pants-for-travel-use","11":"first","12":"instock","13":"shipping-taxable","14":"purchasable","15":"product-type-simple"},"_links":{"self":[{"href":"https:\/\/silk-pajamas.com\/de\/wp-json\/wp\/v2\/product\/868","targetHints":{"allow":["GET"]}}],"collection":[{"href":"https:\/\/silk-pajamas.com\/de\/wp-json\/wp\/v2\/product"}],"about":[{"href":"https:\/\/silk-pajamas.com\/de\/wp-json\/wp\/v2\/types\/product"}],"wp:featuredmedia":[{"embeddable":true,"href":"https:\/\/silk-pajamas.com\/de\/wp-json\/wp\/v2\/media\/1561"}],"wp:attachment":[{"href":"https:\/\/silk-pajamas.com\/de\/wp-json\/wp\/v2\/media?parent=868"}],"wp:term":[{"taxonomy":"product_brand","embeddable":true,"href":"https:\/\/silk-pajamas.com\/de\/wp-json\/wp\/v2\/product_brand?post=868"},{"taxonomy":"product_cat","embeddable":true,"href":"https:\/\/silk-pajamas.com\/de\/wp-json\/wp\/v2\/product_cat?post=868"},{"taxonomy":"product_tag","embeddable":true,"href":"https:\/\/silk-pajamas.com\/de\/wp-json\/wp\/v2\/product_tag?post=868"}],"curies":[{"name":"wp","href":"https:\/\/api.w.org\/{rel}","templated":true}]}}