{"id":869,"date":"2026-04-12T15:43:37","date_gmt":"2026-04-12T15:43:37","guid":{"rendered":"https:\/\/silk-pajamas.com\/19-momme-mulberry-silk-pants-drawstring-lilac\/"},"modified":"2026-04-19T07:26:26","modified_gmt":"2026-04-19T07:26:26","slug":"19-momme-mulberry-silk-pants-drawstring-lilac","status":"publish","type":"product","link":"https:\/\/silk-pajamas.com\/de\/19-momme-mulberry-silk-pants-drawstring-lilac\/","title":{"rendered":"19 Momme Maulbeerseiden-Hose Kordelzug Flieder"},"content":{"rendered":"<p>Diese ma\u00dfgeschneiderte Seidenhose aus 19 momme Maulbeerseide bietet einen weichen Fall, ein sanftes Hautgef\u00fchl und elegante Bewegungen. Der Kordelzug und die fliederfarbene Farbe sorgen f\u00fcr einen eleganten Look f\u00fcr die Reise. Erh\u00e4ltlich in XL, XXL, 3XL, 4XL. Handw\u00e4sche kalt oder im Schonwaschgang.<\/p>","protected":false},"excerpt":{"rendered":"<p>19 Momme Mulberry Seide ma\u00dfgeschneiderte Seidenhose in Flieder. Mit Kordelzug, weichem Faltenwurf und Gr\u00f6\u00dfen XL, XXL, 3XL, 4XL. Konzipiert f\u00fcr den Einsatz auf Reisen.<\/p>","protected":false},"featured_media":1563,"template":"","meta":{"_gspb_post_css":""},"product_brand":[],"product_cat":[31],"product_tag":[740,749,769],"class_list":{"0":"post-869","1":"product","2":"type-product","3":"status-publish","4":"has-post-thumbnail","6":"product_cat-silk-pants","7":"product_tag-19-momme-silk-pants-lilac","8":"product_tag-manufacturer-silk-pants-for-travel-use","9":"product_tag-mulberry-silk-pants-drawstring","11":"first","12":"instock","13":"shipping-taxable","14":"purchasable","15":"product-type-simple"},"_links":{"self":[{"href":"https:\/\/silk-pajamas.com\/de\/wp-json\/wp\/v2\/product\/869","targetHints":{"allow":["GET"]}}],"collection":[{"href":"https:\/\/silk-pajamas.com\/de\/wp-json\/wp\/v2\/product"}],"about":[{"href":"https:\/\/silk-pajamas.com\/de\/wp-json\/wp\/v2\/types\/product"}],"wp:featuredmedia":[{"embeddable":true,"href":"https:\/\/silk-pajamas.com\/de\/wp-json\/wp\/v2\/media\/1563"}],"wp:attachment":[{"href":"https:\/\/silk-pajamas.com\/de\/wp-json\/wp\/v2\/media?parent=869"}],"wp:term":[{"taxonomy":"product_brand","embeddable":true,"href":"https:\/\/silk-pajamas.com\/de\/wp-json\/wp\/v2\/product_brand?post=869"},{"taxonomy":"product_cat","embeddable":true,"href":"https:\/\/silk-pajamas.com\/de\/wp-json\/wp\/v2\/product_cat?post=869"},{"taxonomy":"product_tag","embeddable":true,"href":"https:\/\/silk-pajamas.com\/de\/wp-json\/wp\/v2\/product_tag?post=869"}],"curies":[{"name":"wp","href":"https:\/\/api.w.org\/{rel}","templated":true}]}}