{"id":870,"date":"2026-04-12T15:43:37","date_gmt":"2026-04-12T15:43:37","guid":{"rendered":"https:\/\/silk-pajamas.com\/25-momme-sandwashed-silk-pants-high-rise-floral\/"},"modified":"2026-04-19T07:28:49","modified_gmt":"2026-04-19T07:28:49","slug":"25-momme-sandwashed-silk-pants-high-rise-floral","status":"publish","type":"product","link":"https:\/\/silk-pajamas.com\/de\/25-momme-sandwashed-silk-pants-high-rise-floral\/","title":{"rendered":"25 Momme Sandwich-Hose aus Seide, gebl\u00fcmt, hoher Aufstieg"},"content":{"rendered":"<p>Diese taillierte Seidenhose aus 25 Momme-Sandwich-Seide kombiniert eine hohe Leibh\u00f6he mit einem weichen Glanz und einem atmungsaktiven Tragegef\u00fchl. Das florale Finish verleiht ihr einen raffinierten Look, w\u00e4hrend die Gr\u00f6\u00dfen XS, S, M, L, XL, XXL helfen, den Kernbedarf zu decken. Geeignet f\u00fcr die Reise und die Herbstgarderobe. Kalt von Hand waschen oder im Schonwaschgang.<\/p>","protected":false},"excerpt":{"rendered":"<p>25 Momme Sandwashed Seide ma\u00dfgeschneiderte Seidenhose in Floral. High-Rise-Finish, weicher Faltenwurf und Gr\u00f6\u00dfenauswahl XS, S, M, L, XL, XXL. Entworfen f\u00fcr den Einsatz auf Reisen.<\/p>","protected":false},"featured_media":1571,"template":"","meta":{"_gspb_post_css":""},"product_brand":[],"product_cat":[31],"product_tag":[770,751,771],"class_list":{"0":"post-870","1":"product","2":"type-product","3":"status-publish","4":"has-post-thumbnail","6":"product_cat-silk-pants","7":"product_tag-25-momme-silk-pants-floral","8":"product_tag-sandwashed-silk-pants-high-rise","9":"product_tag-supplier-silk-pants-for-travel-use","11":"first","12":"instock","13":"shipping-taxable","14":"purchasable","15":"product-type-simple"},"_links":{"self":[{"href":"https:\/\/silk-pajamas.com\/de\/wp-json\/wp\/v2\/product\/870","targetHints":{"allow":["GET"]}}],"collection":[{"href":"https:\/\/silk-pajamas.com\/de\/wp-json\/wp\/v2\/product"}],"about":[{"href":"https:\/\/silk-pajamas.com\/de\/wp-json\/wp\/v2\/types\/product"}],"wp:featuredmedia":[{"embeddable":true,"href":"https:\/\/silk-pajamas.com\/de\/wp-json\/wp\/v2\/media\/1571"}],"wp:attachment":[{"href":"https:\/\/silk-pajamas.com\/de\/wp-json\/wp\/v2\/media?parent=870"}],"wp:term":[{"taxonomy":"product_brand","embeddable":true,"href":"https:\/\/silk-pajamas.com\/de\/wp-json\/wp\/v2\/product_brand?post=870"},{"taxonomy":"product_cat","embeddable":true,"href":"https:\/\/silk-pajamas.com\/de\/wp-json\/wp\/v2\/product_cat?post=870"},{"taxonomy":"product_tag","embeddable":true,"href":"https:\/\/silk-pajamas.com\/de\/wp-json\/wp\/v2\/product_tag?post=870"}],"curies":[{"name":"wp","href":"https:\/\/api.w.org\/{rel}","templated":true}]}}