{"id":871,"date":"2026-04-12T15:43:37","date_gmt":"2026-04-12T15:43:37","guid":{"rendered":"https:\/\/silk-pajamas.com\/16-momme-mulberry-silk-pants-drawstring-champagne\/"},"modified":"2026-04-19T07:30:51","modified_gmt":"2026-04-19T07:30:51","slug":"16-momme-mulberry-silk-pants-drawstring-champagne","status":"publish","type":"product","link":"https:\/\/silk-pajamas.com\/de\/16-momme-mulberry-silk-pants-drawstring-champagne\/","title":{"rendered":"16 Momme Maulbeerseiden-Hose Kordelzug Champagner"},"content":{"rendered":"<p>Diese ma\u00dfgeschneiderte Seidenhose aus 16 momme Maulbeerseide kombiniert einen Kordelzug mit einem weichen Glanz und einem atmungsaktiven Gef\u00fchl. Das champagnerfarbene Finish verleiht ihr einen raffinierten Look, w\u00e4hrend die Gr\u00f6\u00dfen XL, XXL, 3XL, 4XL helfen, den Kernbedarf zu decken. Geeignet f\u00fcr die Damen- und Sommergarderobe. Handw\u00e4sche kalt oder im Schonwaschgang.<\/p>","protected":false},"excerpt":{"rendered":"<p>16 Momme Mulberry Seide ma\u00dfgeschneiderte Seidenhose in Champagner. Mit Kordelzug, knitterfrei und in den Gr\u00f6\u00dfen XL, XXL, 3XL, 4XL. Entworfen f\u00fcr Frauen.<\/p>","protected":false},"featured_media":1576,"template":"","meta":{"_gspb_post_css":""},"product_brand":[],"product_cat":[31],"product_tag":[772,773,769],"class_list":{"0":"post-871","1":"product","2":"type-product","3":"status-publish","4":"has-post-thumbnail","6":"product_cat-silk-pants","7":"product_tag-16-momme-silk-pants-champagne","8":"product_tag-factory-silk-pants-for-women","9":"product_tag-mulberry-silk-pants-drawstring","11":"first","12":"instock","13":"featured","14":"shipping-taxable","15":"purchasable","16":"product-type-simple"},"_links":{"self":[{"href":"https:\/\/silk-pajamas.com\/de\/wp-json\/wp\/v2\/product\/871","targetHints":{"allow":["GET"]}}],"collection":[{"href":"https:\/\/silk-pajamas.com\/de\/wp-json\/wp\/v2\/product"}],"about":[{"href":"https:\/\/silk-pajamas.com\/de\/wp-json\/wp\/v2\/types\/product"}],"wp:featuredmedia":[{"embeddable":true,"href":"https:\/\/silk-pajamas.com\/de\/wp-json\/wp\/v2\/media\/1576"}],"wp:attachment":[{"href":"https:\/\/silk-pajamas.com\/de\/wp-json\/wp\/v2\/media?parent=871"}],"wp:term":[{"taxonomy":"product_brand","embeddable":true,"href":"https:\/\/silk-pajamas.com\/de\/wp-json\/wp\/v2\/product_brand?post=871"},{"taxonomy":"product_cat","embeddable":true,"href":"https:\/\/silk-pajamas.com\/de\/wp-json\/wp\/v2\/product_cat?post=871"},{"taxonomy":"product_tag","embeddable":true,"href":"https:\/\/silk-pajamas.com\/de\/wp-json\/wp\/v2\/product_tag?post=871"}],"curies":[{"name":"wp","href":"https:\/\/api.w.org\/{rel}","templated":true}]}}