{"id":872,"date":"2026-04-12T15:43:37","date_gmt":"2026-04-12T15:43:37","guid":{"rendered":"https:\/\/silk-pajamas.com\/16-momme-crepe-mulberry-silk-pants-drawstring-black\/"},"modified":"2026-04-19T07:33:54","modified_gmt":"2026-04-19T07:33:54","slug":"16-momme-crepe-mulberry-silk-pants-drawstring-black","status":"publish","type":"product","link":"https:\/\/silk-pajamas.com\/de\/16-momme-crepe-mulberry-silk-pants-drawstring-black\/","title":{"rendered":"16 Momme Krepp-Maulbeerseiden-Hose mit Kordelzug Schwarz"},"content":{"rendered":"<p>Diese ma\u00dfgeschneiderte Seidenhose aus 16-Momme-Cr\u00eape-Seide kombiniert einen Tunnelzug mit weichem Glanz und atmungsaktivem Tragegef\u00fchl. Das schwarze Finish verleiht ihr einen raffinierten Look, w\u00e4hrend die Gr\u00f6\u00dfen S, M, L, XL den Kernbedarf abdecken helfen. Geeignet f\u00fcr B\u00fcro-Outfits und f\u00fcr die Garderobe der ganzen Saison. Kalt von Hand waschen oder im Schonwaschgang.<\/p>","protected":false},"excerpt":{"rendered":"<p>16 Momme Crepe Seidenhose in Schwarz. Mit Kordelzug, thermoregulierend und in den Gr\u00f6\u00dfen S, M, L, XL erh\u00e4ltlich. Entworfen f\u00fcr B\u00fcro-Outfits.<\/p>","protected":false},"featured_media":1581,"template":"","meta":{"_gspb_post_css":""},"product_brand":[],"product_cat":[31],"product_tag":[752,774,747],"class_list":{"0":"post-872","1":"product","2":"type-product","3":"status-publish","4":"has-post-thumbnail","6":"product_cat-silk-pants","7":"product_tag-16-momme-silk-pants-black","8":"product_tag-crepe-silk-pants-drawstring","9":"product_tag-factory-silk-pants-for-office-outfits","11":"first","12":"instock","13":"shipping-taxable","14":"purchasable","15":"product-type-simple"},"_links":{"self":[{"href":"https:\/\/silk-pajamas.com\/de\/wp-json\/wp\/v2\/product\/872","targetHints":{"allow":["GET"]}}],"collection":[{"href":"https:\/\/silk-pajamas.com\/de\/wp-json\/wp\/v2\/product"}],"about":[{"href":"https:\/\/silk-pajamas.com\/de\/wp-json\/wp\/v2\/types\/product"}],"wp:featuredmedia":[{"embeddable":true,"href":"https:\/\/silk-pajamas.com\/de\/wp-json\/wp\/v2\/media\/1581"}],"wp:attachment":[{"href":"https:\/\/silk-pajamas.com\/de\/wp-json\/wp\/v2\/media?parent=872"}],"wp:term":[{"taxonomy":"product_brand","embeddable":true,"href":"https:\/\/silk-pajamas.com\/de\/wp-json\/wp\/v2\/product_brand?post=872"},{"taxonomy":"product_cat","embeddable":true,"href":"https:\/\/silk-pajamas.com\/de\/wp-json\/wp\/v2\/product_cat?post=872"},{"taxonomy":"product_tag","embeddable":true,"href":"https:\/\/silk-pajamas.com\/de\/wp-json\/wp\/v2\/product_tag?post=872"}],"curies":[{"name":"wp","href":"https:\/\/api.w.org\/{rel}","templated":true}]}}