{"id":874,"date":"2026-04-12T15:43:37","date_gmt":"2026-04-12T15:43:37","guid":{"rendered":"https:\/\/silk-pajamas.com\/19-momme-charmeuse-mulberry-silk-pants-straight-leg-silver\/"},"modified":"2026-04-19T07:38:01","modified_gmt":"2026-04-19T07:38:01","slug":"19-momme-charmeuse-mulberry-silk-pants-straight-leg-silver","status":"publish","type":"product","link":"https:\/\/silk-pajamas.com\/de\/19-momme-charmeuse-mulberry-silk-pants-straight-leg-silver\/","title":{"rendered":"19 Momme Charmeuse Maulbeerseide Hose Gerades Bein Silber"},"content":{"rendered":"<p>Diese ma\u00dfgeschneiderte Seidenhose ist aus 19 Momme-Charmeuse-Seide in einem Silberton gefertigt. Sie zeichnet sich durch ein gerades Bein, ein glattes Handgef\u00fchl und einen bequemen Fall f\u00fcr Frauen aus. Das Modell ist in den Gr\u00f6\u00dfen XL, XXL, 3XL und 4XL erh\u00e4ltlich und eignet sich f\u00fcr alle Jahreszeiten, zum Verschenken und f\u00fcr den t\u00e4glichen Komfort. Handw\u00e4sche kalt oder im Schonwaschgang.<\/p>","protected":false},"excerpt":{"rendered":"<p>19 Momme Charmeuse Seide ma\u00dfgeschneiderte Seidenhose in Silber. Mit geradem Bein, knitterfrei und in den Gr\u00f6\u00dfen XL, XXL, 3XL, 4XL. Entworfen f\u00fcr Frauen.<\/p>","protected":false},"featured_media":1591,"template":"","meta":{"_gspb_post_css":""},"product_brand":[],"product_cat":[31],"product_tag":[777,778,779],"class_list":{"0":"post-874","1":"product","2":"type-product","3":"status-publish","4":"has-post-thumbnail","6":"product_cat-silk-pants","7":"product_tag-19-momme-silk-pants-silver","8":"product_tag-charmeuse-silk-pants-straight-leg","9":"product_tag-vendor-silk-pants-for-women","11":"first","12":"instock","13":"shipping-taxable","14":"purchasable","15":"product-type-simple"},"_links":{"self":[{"href":"https:\/\/silk-pajamas.com\/de\/wp-json\/wp\/v2\/product\/874","targetHints":{"allow":["GET"]}}],"collection":[{"href":"https:\/\/silk-pajamas.com\/de\/wp-json\/wp\/v2\/product"}],"about":[{"href":"https:\/\/silk-pajamas.com\/de\/wp-json\/wp\/v2\/types\/product"}],"wp:featuredmedia":[{"embeddable":true,"href":"https:\/\/silk-pajamas.com\/de\/wp-json\/wp\/v2\/media\/1591"}],"wp:attachment":[{"href":"https:\/\/silk-pajamas.com\/de\/wp-json\/wp\/v2\/media?parent=874"}],"wp:term":[{"taxonomy":"product_brand","embeddable":true,"href":"https:\/\/silk-pajamas.com\/de\/wp-json\/wp\/v2\/product_brand?post=874"},{"taxonomy":"product_cat","embeddable":true,"href":"https:\/\/silk-pajamas.com\/de\/wp-json\/wp\/v2\/product_cat?post=874"},{"taxonomy":"product_tag","embeddable":true,"href":"https:\/\/silk-pajamas.com\/de\/wp-json\/wp\/v2\/product_tag?post=874"}],"curies":[{"name":"wp","href":"https:\/\/api.w.org\/{rel}","templated":true}]}}