{"id":877,"date":"2026-04-12T15:43:38","date_gmt":"2026-04-12T15:43:38","guid":{"rendered":"https:\/\/silk-pajamas.com\/25-momme-crepe-mulberry-silk-pants-straight-leg-coffee\/"},"modified":"2026-04-19T06:52:15","modified_gmt":"2026-04-19T06:52:15","slug":"25-momme-crepe-mulberry-silk-pants-straight-leg-coffee","status":"publish","type":"product","link":"https:\/\/silk-pajamas.com\/de\/25-momme-crepe-mulberry-silk-pants-straight-leg-coffee\/","title":{"rendered":"25 Momme Cr\u00eape Maulbeerseide Hose mit geradem Bein Kaffee"},"content":{"rendered":"<p>Diese ma\u00dfgeschneiderte Seidenhose aus 25-Momme-Cr\u00eape-Seide kombiniert ein gerades Bein mit einem weichen Glanz und einem atmungsaktiven Tragegef\u00fchl. Das Kaffee-Finish verleiht ihr einen raffinierten Look, w\u00e4hrend die Gr\u00f6\u00dfen XL, XXL, 3XL, 4XL den Kernbedarf decken. Geeignet f\u00fcr die Urlaubsgarderobe und die Sommergarderobe. Kalt von Hand waschen oder im Schonwaschgang.<\/p>","protected":false},"excerpt":{"rendered":"<p>25 Momme Crepe Seide ma\u00dfgeschneiderte Seidenhose in Coffee. Gerades Bein, atmungsaktiv und in den Gr\u00f6\u00dfen XL, XXL, 3XL, 4XL erh\u00e4ltlich. Entworfen f\u00fcr den Urlaubsort Dressing.<\/p>","protected":false},"featured_media":1493,"template":"","meta":{"_gspb_post_css":""},"product_brand":[],"product_cat":[31],"product_tag":[775,741,754],"class_list":{"0":"post-877","1":"product","2":"type-product","3":"status-publish","4":"has-post-thumbnail","6":"product_cat-silk-pants","7":"product_tag-25-momme-silk-pants-coffee","8":"product_tag-crepe-silk-pants-straight-leg","9":"product_tag-vendor-silk-pants-for-resort-dressing","11":"first","12":"instock","13":"shipping-taxable","14":"purchasable","15":"product-type-simple"},"_links":{"self":[{"href":"https:\/\/silk-pajamas.com\/de\/wp-json\/wp\/v2\/product\/877","targetHints":{"allow":["GET"]}}],"collection":[{"href":"https:\/\/silk-pajamas.com\/de\/wp-json\/wp\/v2\/product"}],"about":[{"href":"https:\/\/silk-pajamas.com\/de\/wp-json\/wp\/v2\/types\/product"}],"wp:featuredmedia":[{"embeddable":true,"href":"https:\/\/silk-pajamas.com\/de\/wp-json\/wp\/v2\/media\/1493"}],"wp:attachment":[{"href":"https:\/\/silk-pajamas.com\/de\/wp-json\/wp\/v2\/media?parent=877"}],"wp:term":[{"taxonomy":"product_brand","embeddable":true,"href":"https:\/\/silk-pajamas.com\/de\/wp-json\/wp\/v2\/product_brand?post=877"},{"taxonomy":"product_cat","embeddable":true,"href":"https:\/\/silk-pajamas.com\/de\/wp-json\/wp\/v2\/product_cat?post=877"},{"taxonomy":"product_tag","embeddable":true,"href":"https:\/\/silk-pajamas.com\/de\/wp-json\/wp\/v2\/product_tag?post=877"}],"curies":[{"name":"wp","href":"https:\/\/api.w.org\/{rel}","templated":true}]}}