{"id":878,"date":"2026-04-12T15:43:38","date_gmt":"2026-04-12T15:43:38","guid":{"rendered":"https:\/\/silk-pajamas.com\/16-momme-crepe-mulberry-silk-pants-high-rise-ivory\/"},"modified":"2026-04-19T06:55:12","modified_gmt":"2026-04-19T06:55:12","slug":"16-momme-crepe-mulberry-silk-pants-high-rise-ivory","status":"publish","type":"product","link":"https:\/\/silk-pajamas.com\/de\/16-momme-crepe-mulberry-silk-pants-high-rise-ivory\/","title":{"rendered":"16 Momme Krepp-Maulbeerseiden-Hose mit hohem Beinausschnitt Elfenbein"},"content":{"rendered":"<p>Diese ma\u00dfgeschneiderte Seidenhose ist aus 16 Momme-Cr\u00eape-Seide in einem Elfenbeinton gefertigt. Sie hat eine hohe Leibh\u00f6he, ein weiches Handgef\u00fchl und einen bequemen Fall f\u00fcr B\u00fcro-Outfits. Das Modell ist in den Gr\u00f6\u00dfen XL, XXL, 3XL und 4XL erh\u00e4ltlich und eignet sich gut f\u00fcr den Fr\u00fchling, zum Verschenken und f\u00fcr den t\u00e4glichen Komfort. Kalt von Hand waschen oder im Schonwaschgang.<\/p>","protected":false},"excerpt":{"rendered":"<p>16 Momme Crepe Seide ma\u00dfgeschneiderte Seidenhose in Elfenbein. High-Rise-Finish, weiches Tragegef\u00fchl und Gr\u00f6\u00dfenbereich XL, XXL, 3XL, 4XL. Entworfen f\u00fcr B\u00fcro-Outfits.<\/p>","protected":false},"featured_media":1497,"template":"","meta":{"_gspb_post_css":""},"product_brand":[],"product_cat":[31],"product_tag":[783,784,785],"class_list":{"0":"post-878","1":"product","2":"type-product","3":"status-publish","4":"has-post-thumbnail","6":"product_cat-silk-pants","7":"product_tag-16-momme-silk-pants-ivory","8":"product_tag-crepe-silk-pants-high-rise","9":"product_tag-wholesale-silk-pants-for-office-outfits","11":"first","12":"instock","13":"shipping-taxable","14":"purchasable","15":"product-type-simple"},"_links":{"self":[{"href":"https:\/\/silk-pajamas.com\/de\/wp-json\/wp\/v2\/product\/878","targetHints":{"allow":["GET"]}}],"collection":[{"href":"https:\/\/silk-pajamas.com\/de\/wp-json\/wp\/v2\/product"}],"about":[{"href":"https:\/\/silk-pajamas.com\/de\/wp-json\/wp\/v2\/types\/product"}],"wp:featuredmedia":[{"embeddable":true,"href":"https:\/\/silk-pajamas.com\/de\/wp-json\/wp\/v2\/media\/1497"}],"wp:attachment":[{"href":"https:\/\/silk-pajamas.com\/de\/wp-json\/wp\/v2\/media?parent=878"}],"wp:term":[{"taxonomy":"product_brand","embeddable":true,"href":"https:\/\/silk-pajamas.com\/de\/wp-json\/wp\/v2\/product_brand?post=878"},{"taxonomy":"product_cat","embeddable":true,"href":"https:\/\/silk-pajamas.com\/de\/wp-json\/wp\/v2\/product_cat?post=878"},{"taxonomy":"product_tag","embeddable":true,"href":"https:\/\/silk-pajamas.com\/de\/wp-json\/wp\/v2\/product_tag?post=878"}],"curies":[{"name":"wp","href":"https:\/\/api.w.org\/{rel}","templated":true}]}}