{"id":882,"date":"2026-04-12T15:43:38","date_gmt":"2026-04-12T15:43:38","guid":{"rendered":"https:\/\/silk-pajamas.com\/25-momme-charmeuse-silk-shirt-long-sleeve-navy-wholesale\/"},"modified":"2026-04-19T07:05:58","modified_gmt":"2026-04-19T07:05:58","slug":"25-momme-charmeuse-silk-shirt-long-sleeve-navy-wholesale","status":"publish","type":"product","link":"https:\/\/silk-pajamas.com\/de\/25-momme-charmeuse-silk-shirt-long-sleeve-navy-wholesale\/","title":{"rendered":"25 Momme Charmeuse Seidenhemd Langarm Marine Gro\u00dfhandel"},"content":{"rendered":"<p>Diese Seidenbluse ist aus 25 Momme-Charmeuse-Seide in einem navyfarbenen Ton gefertigt. Sie zeichnet sich durch lange \u00c4rmel, ein weiches Tragegef\u00fchl und einen bequemen Fall f\u00fcr die Capsule-Garderobe aus. Das Modell ist in den Gr\u00f6\u00dfen S, M, L, XL und XXL erh\u00e4ltlich und eignet sich gut f\u00fcr den Fr\u00fchling, zum Verschenken und f\u00fcr den t\u00e4glichen Komfort. Kalt von Hand waschen oder im Schonwaschgang.<\/p>","protected":false},"excerpt":{"rendered":"<p>25 Momme Charmeuse Seide Seidenbluse in Navy. Mit langen \u00c4rmeln, thermoregulierendem Griff und den Gr\u00f6\u00dfen S, M, L, XL, XXL. Entworfen f\u00fcr Capsule Wardrobes.<\/p>","protected":false},"featured_media":1517,"template":"","meta":{"_gspb_post_css":""},"product_brand":[],"product_cat":[27],"product_tag":[792,793,794],"class_list":{"0":"post-882","1":"product","2":"type-product","3":"status-publish","4":"has-post-thumbnail","6":"product_cat-silk-shirts-blouses","7":"product_tag-25-momme-silk-blouse-navy","8":"product_tag-charmeuse-silk-blouse-long-sleeve","9":"product_tag-supplier-silk-blouse-for-capsule-wardrobes","11":"first","12":"instock","13":"shipping-taxable","14":"purchasable","15":"product-type-simple"},"_links":{"self":[{"href":"https:\/\/silk-pajamas.com\/de\/wp-json\/wp\/v2\/product\/882","targetHints":{"allow":["GET"]}}],"collection":[{"href":"https:\/\/silk-pajamas.com\/de\/wp-json\/wp\/v2\/product"}],"about":[{"href":"https:\/\/silk-pajamas.com\/de\/wp-json\/wp\/v2\/types\/product"}],"wp:featuredmedia":[{"embeddable":true,"href":"https:\/\/silk-pajamas.com\/de\/wp-json\/wp\/v2\/media\/1517"}],"wp:attachment":[{"href":"https:\/\/silk-pajamas.com\/de\/wp-json\/wp\/v2\/media?parent=882"}],"wp:term":[{"taxonomy":"product_brand","embeddable":true,"href":"https:\/\/silk-pajamas.com\/de\/wp-json\/wp\/v2\/product_brand?post=882"},{"taxonomy":"product_cat","embeddable":true,"href":"https:\/\/silk-pajamas.com\/de\/wp-json\/wp\/v2\/product_cat?post=882"},{"taxonomy":"product_tag","embeddable":true,"href":"https:\/\/silk-pajamas.com\/de\/wp-json\/wp\/v2\/product_tag?post=882"}],"curies":[{"name":"wp","href":"https:\/\/api.w.org\/{rel}","templated":true}]}}