{"id":883,"date":"2026-04-12T15:43:38","date_gmt":"2026-04-12T15:43:38","guid":{"rendered":"https:\/\/silk-pajamas.com\/19-momme-mulberry-silk-blouse-button-down-silver\/"},"modified":"2026-04-19T07:07:10","modified_gmt":"2026-04-19T07:07:10","slug":"19-momme-mulberry-silk-blouse-button-down-silver","status":"publish","type":"product","link":"https:\/\/silk-pajamas.com\/de\/19-momme-mulberry-silk-blouse-button-down-silver\/","title":{"rendered":"19 Momme Maulbeerseidenbluse Button Down Silber"},"content":{"rendered":"<p>Diese Seidenbluse ist aus 19 momme Maulbeerseide in einem Silberton gefertigt. Sie hat eine Knopfleiste, ein weiches Handgef\u00fchl und einen bequemen Fall f\u00fcr die Capsule-Garderobe. Das Modell ist in den Gr\u00f6\u00dfen XL, XXL, 3XL und 4XL erh\u00e4ltlich und eignet sich f\u00fcr alle Jahreszeiten, zum Verschenken und f\u00fcr den t\u00e4glichen Komfort. Kalt von Hand waschen oder im Schonwaschgang.<\/p>","protected":false},"excerpt":{"rendered":"<p>19 Momme Mulberry Seide Seidenbluse in Silber. Button-Down-Verarbeitung, atmungsaktiv und Gr\u00f6\u00dfenbereich XL, XXL, 3XL, 4XL. Entworfen f\u00fcr Capsule Wardrobes.<\/p>","protected":false},"featured_media":1522,"template":"","meta":{"_gspb_post_css":""},"product_brand":[],"product_cat":[27],"product_tag":[795,796,797],"class_list":{"0":"post-883","1":"product","2":"type-product","3":"status-publish","4":"has-post-thumbnail","6":"product_cat-silk-shirts-blouses","7":"product_tag-19-momme-silk-blouse-silver","8":"product_tag-mulberry-silk-blouse-button-down","9":"product_tag-wholesale-silk-blouse-for-capsule-wardrobes","11":"first","12":"instock","13":"shipping-taxable","14":"purchasable","15":"product-type-simple"},"_links":{"self":[{"href":"https:\/\/silk-pajamas.com\/de\/wp-json\/wp\/v2\/product\/883","targetHints":{"allow":["GET"]}}],"collection":[{"href":"https:\/\/silk-pajamas.com\/de\/wp-json\/wp\/v2\/product"}],"about":[{"href":"https:\/\/silk-pajamas.com\/de\/wp-json\/wp\/v2\/types\/product"}],"wp:featuredmedia":[{"embeddable":true,"href":"https:\/\/silk-pajamas.com\/de\/wp-json\/wp\/v2\/media\/1522"}],"wp:attachment":[{"href":"https:\/\/silk-pajamas.com\/de\/wp-json\/wp\/v2\/media?parent=883"}],"wp:term":[{"taxonomy":"product_brand","embeddable":true,"href":"https:\/\/silk-pajamas.com\/de\/wp-json\/wp\/v2\/product_brand?post=883"},{"taxonomy":"product_cat","embeddable":true,"href":"https:\/\/silk-pajamas.com\/de\/wp-json\/wp\/v2\/product_cat?post=883"},{"taxonomy":"product_tag","embeddable":true,"href":"https:\/\/silk-pajamas.com\/de\/wp-json\/wp\/v2\/product_tag?post=883"}],"curies":[{"name":"wp","href":"https:\/\/api.w.org\/{rel}","templated":true}]}}