{"id":884,"date":"2026-04-12T15:43:38","date_gmt":"2026-04-12T15:43:38","guid":{"rendered":"https:\/\/silk-pajamas.com\/22-momme-crepe-silk-blouse-bow-collar-ivory-manufacturer\/"},"modified":"2026-04-19T07:09:14","modified_gmt":"2026-04-19T07:09:14","slug":"22-momme-crepe-silk-blouse-bow-collar-ivory-manufacturer","status":"publish","type":"product","link":"https:\/\/silk-pajamas.com\/de\/22-momme-crepe-silk-blouse-bow-collar-ivory-manufacturer\/","title":{"rendered":"22 Momme Crepe Seidenbluse Schleife Kragen Elfenbein Hersteller"},"content":{"rendered":"<p>Diese Seidenbluse ist aus 22 Momme-Cr\u00eape-Seide in einem Elfenbeinton gefertigt. Sie zeichnet sich durch einen Bogenkragen, ein weiches Handgef\u00fchl und einen bequemen Fall f\u00fcr Frauen aus. Der Stil unterst\u00fctzt die Gr\u00f6\u00dfe Custom und eignet sich gut f\u00fcr Sommerkleidung, Geschenkartikel und t\u00e4glichen Komfort. Handw\u00e4sche kalt oder im Schonwaschgang.<\/p>","protected":false},"excerpt":{"rendered":"<p>22 Momme Crepe Seide Seidenbluse in Elfenbein. Schleife Kragen Finish, atmungsaktiv Gef\u00fchl und Gr\u00f6\u00dfe Bereich Custom. Entworfen f\u00fcr Frauen.<\/p>","protected":false},"featured_media":1526,"template":"","meta":{"_gspb_post_css":""},"product_brand":[],"product_cat":[27],"product_tag":[798,799,800],"class_list":{"0":"post-884","1":"product","2":"type-product","3":"status-publish","4":"has-post-thumbnail","6":"product_cat-silk-shirts-blouses","7":"product_tag-22-momme-silk-blouse-ivory","8":"product_tag-crepe-silk-blouse-bow-collar","9":"product_tag-factory-silk-blouse-for-women","11":"first","12":"instock","13":"shipping-taxable","14":"purchasable","15":"product-type-simple"},"_links":{"self":[{"href":"https:\/\/silk-pajamas.com\/de\/wp-json\/wp\/v2\/product\/884","targetHints":{"allow":["GET"]}}],"collection":[{"href":"https:\/\/silk-pajamas.com\/de\/wp-json\/wp\/v2\/product"}],"about":[{"href":"https:\/\/silk-pajamas.com\/de\/wp-json\/wp\/v2\/types\/product"}],"wp:featuredmedia":[{"embeddable":true,"href":"https:\/\/silk-pajamas.com\/de\/wp-json\/wp\/v2\/media\/1526"}],"wp:attachment":[{"href":"https:\/\/silk-pajamas.com\/de\/wp-json\/wp\/v2\/media?parent=884"}],"wp:term":[{"taxonomy":"product_brand","embeddable":true,"href":"https:\/\/silk-pajamas.com\/de\/wp-json\/wp\/v2\/product_brand?post=884"},{"taxonomy":"product_cat","embeddable":true,"href":"https:\/\/silk-pajamas.com\/de\/wp-json\/wp\/v2\/product_cat?post=884"},{"taxonomy":"product_tag","embeddable":true,"href":"https:\/\/silk-pajamas.com\/de\/wp-json\/wp\/v2\/product_tag?post=884"}],"curies":[{"name":"wp","href":"https:\/\/api.w.org\/{rel}","templated":true}]}}