{"id":889,"date":"2026-04-12T15:43:39","date_gmt":"2026-04-12T15:43:39","guid":{"rendered":"https:\/\/silk-pajamas.com\/25-momme-charmeuse-silk-blouse-button-down-sage\/"},"modified":"2026-04-19T06:24:54","modified_gmt":"2026-04-19T06:24:54","slug":"25-momme-charmeuse-silk-blouse-button-down-sage","status":"publish","type":"product","link":"https:\/\/silk-pajamas.com\/de\/25-momme-charmeuse-silk-blouse-button-down-sage\/","title":{"rendered":"25 Momme Charmeuse Seidenbluse Button Down Salbei"},"content":{"rendered":"<p>Diese Seidenbluse ist aus 25er Momme-Charmeuse-Seide in einem Salbeifarbton gefertigt. Sie hat einen Knopfverschluss, ein weiches Handgef\u00fchl und einen bequemen Faltenwurf f\u00fcr B\u00fcro-Outfits. Das Modell ist in den Gr\u00f6\u00dfen XS, S, M, L und XL erh\u00e4ltlich und eignet sich gut f\u00fcr den Fr\u00fchling, zum Verschenken und f\u00fcr den t\u00e4glichen Komfort. Kalt von Hand waschen oder im Schonwaschgang.<\/p>","protected":false},"excerpt":{"rendered":"<p>25 Momme Charmeuse Seidenbluse in Salbei. Button-Down-Verarbeitung, leichtes Tragegef\u00fchl und Gr\u00f6\u00dfenauswahl XS, S, M, L, XL. Entworfen f\u00fcr B\u00fcro-Outfits.<\/p>","protected":false},"featured_media":1455,"template":"","meta":{"_gspb_post_css":""},"product_brand":[],"product_cat":[27],"product_tag":[812,813,814],"class_list":{"0":"post-889","1":"product","2":"type-product","3":"status-publish","4":"has-post-thumbnail","6":"product_cat-silk-shirts-blouses","7":"product_tag-25-momme-silk-blouse-sage","8":"product_tag-charmeuse-silk-blouse-button-down","9":"product_tag-manufacturer-silk-blouse-for-office-outfits","11":"first","12":"instock","13":"shipping-taxable","14":"purchasable","15":"product-type-simple"},"_links":{"self":[{"href":"https:\/\/silk-pajamas.com\/de\/wp-json\/wp\/v2\/product\/889","targetHints":{"allow":["GET"]}}],"collection":[{"href":"https:\/\/silk-pajamas.com\/de\/wp-json\/wp\/v2\/product"}],"about":[{"href":"https:\/\/silk-pajamas.com\/de\/wp-json\/wp\/v2\/types\/product"}],"wp:featuredmedia":[{"embeddable":true,"href":"https:\/\/silk-pajamas.com\/de\/wp-json\/wp\/v2\/media\/1455"}],"wp:attachment":[{"href":"https:\/\/silk-pajamas.com\/de\/wp-json\/wp\/v2\/media?parent=889"}],"wp:term":[{"taxonomy":"product_brand","embeddable":true,"href":"https:\/\/silk-pajamas.com\/de\/wp-json\/wp\/v2\/product_brand?post=889"},{"taxonomy":"product_cat","embeddable":true,"href":"https:\/\/silk-pajamas.com\/de\/wp-json\/wp\/v2\/product_cat?post=889"},{"taxonomy":"product_tag","embeddable":true,"href":"https:\/\/silk-pajamas.com\/de\/wp-json\/wp\/v2\/product_tag?post=889"}],"curies":[{"name":"wp","href":"https:\/\/api.w.org\/{rel}","templated":true}]}}