{"id":892,"date":"2026-04-12T15:43:39","date_gmt":"2026-04-12T15:43:39","guid":{"rendered":"https:\/\/silk-pajamas.com\/25-momme-mulberry-silk-blouse-long-sleeve-champagne\/"},"modified":"2026-04-19T06:38:14","modified_gmt":"2026-04-19T06:38:14","slug":"25-momme-mulberry-silk-blouse-long-sleeve-champagne","status":"publish","type":"product","link":"https:\/\/silk-pajamas.com\/de\/25-momme-mulberry-silk-blouse-long-sleeve-champagne\/","title":{"rendered":"25 Momme Maulbeerseidenbluse Langarm Champagner"},"content":{"rendered":"<p>Diese Seidenbluse aus 25 momme Maulbeerseide kombiniert lange \u00c4rmel mit einem weichen Glanz und einem atmungsaktiven Tragegef\u00fchl. Das champagnerfarbene Finish verleiht ihr einen raffinierten Look, w\u00e4hrend die Gr\u00f6\u00dfe \"Custom\" dazu beitr\u00e4gt, den Kernbedarf zu decken. Geeignet f\u00fcr B\u00fcro-Outfits und Fr\u00fchlingsgarderobe. Kalt von Hand waschen oder im Schonwaschgang.<\/p>","protected":false},"excerpt":{"rendered":"<p>25 Momme Mulberry Seide Seidenbluse in Champagner. Long Sleeve Finish, atmungsaktiv und Gr\u00f6\u00dfenbereich Custom. Entworfen f\u00fcr B\u00fcro-Outfits.<\/p>","protected":false},"featured_media":1471,"template":"","meta":{"_gspb_post_css":""},"product_brand":[],"product_cat":[27],"product_tag":[819,814,816],"class_list":{"0":"post-892","1":"product","2":"type-product","3":"status-publish","4":"has-post-thumbnail","6":"product_cat-silk-shirts-blouses","7":"product_tag-25-momme-silk-blouse-champagne","8":"product_tag-manufacturer-silk-blouse-for-office-outfits","9":"product_tag-mulberry-silk-blouse-long-sleeve","11":"first","12":"instock","13":"shipping-taxable","14":"purchasable","15":"product-type-simple"},"_links":{"self":[{"href":"https:\/\/silk-pajamas.com\/de\/wp-json\/wp\/v2\/product\/892","targetHints":{"allow":["GET"]}}],"collection":[{"href":"https:\/\/silk-pajamas.com\/de\/wp-json\/wp\/v2\/product"}],"about":[{"href":"https:\/\/silk-pajamas.com\/de\/wp-json\/wp\/v2\/types\/product"}],"wp:featuredmedia":[{"embeddable":true,"href":"https:\/\/silk-pajamas.com\/de\/wp-json\/wp\/v2\/media\/1471"}],"wp:attachment":[{"href":"https:\/\/silk-pajamas.com\/de\/wp-json\/wp\/v2\/media?parent=892"}],"wp:term":[{"taxonomy":"product_brand","embeddable":true,"href":"https:\/\/silk-pajamas.com\/de\/wp-json\/wp\/v2\/product_brand?post=892"},{"taxonomy":"product_cat","embeddable":true,"href":"https:\/\/silk-pajamas.com\/de\/wp-json\/wp\/v2\/product_cat?post=892"},{"taxonomy":"product_tag","embeddable":true,"href":"https:\/\/silk-pajamas.com\/de\/wp-json\/wp\/v2\/product_tag?post=892"}],"curies":[{"name":"wp","href":"https:\/\/api.w.org\/{rel}","templated":true}]}}