{"id":896,"date":"2026-04-12T15:43:40","date_gmt":"2026-04-12T15:43:40","guid":{"rendered":"https:\/\/silk-pajamas.com\/16-momme-sandwashed-silk-shirt-relaxed-fit-blush\/"},"modified":"2026-04-19T03:02:51","modified_gmt":"2026-04-19T03:02:51","slug":"16-momme-sandwashed-silk-shirt-relaxed-fit-blush","status":"publish","type":"product","link":"https:\/\/silk-pajamas.com\/de\/16-momme-sandwashed-silk-shirt-relaxed-fit-blush\/","title":{"rendered":"16 Momme Sandwashed Seidenhemd Relaxed Fit Blush"},"content":{"rendered":"<p>Diese Seidenbluse ist aus 16 momme sandgewaschener Seide in einem err\u00f6tenden Ton gefertigt. Sie zeichnet sich durch eine lockere Passform, ein angenehmes Tragegef\u00fchl und einen bequemen Faltenwurf f\u00fcr B\u00fcro-Outfits aus. Das Modell ist in den Gr\u00f6\u00dfen S, M, L, XL und XXL erh\u00e4ltlich und eignet sich gut f\u00fcr den Fr\u00fchling, zum Verschenken und f\u00fcr den t\u00e4glichen Komfort. Kalt von Hand waschen oder im Schonwaschgang.<\/p>","protected":false},"excerpt":{"rendered":"<p>16 Momme Sandwashed Seidenbluse in Blush. Relaxed Fit Verarbeitung, atmungsaktives Gef\u00fchl und Gr\u00f6\u00dfenauswahl S, M, L, XL, XXL. Entworfen f\u00fcr B\u00fcro-Outfits.<\/p>","protected":false},"featured_media":1391,"template":"","meta":{"_gspb_post_css":""},"product_brand":[],"product_cat":[27],"product_tag":[825,824,826],"class_list":{"0":"post-896","1":"product","2":"type-product","3":"status-publish","4":"has-post-thumbnail","6":"product_cat-silk-shirts-blouses","7":"product_tag-16-momme-silk-blouse-blush","8":"product_tag-sandwashed-silk-blouse-relaxed-fit","9":"product_tag-wholesale-silk-blouse-for-office-outfits","11":"first","12":"instock","13":"featured","14":"shipping-taxable","15":"purchasable","16":"product-type-simple"},"_links":{"self":[{"href":"https:\/\/silk-pajamas.com\/de\/wp-json\/wp\/v2\/product\/896","targetHints":{"allow":["GET"]}}],"collection":[{"href":"https:\/\/silk-pajamas.com\/de\/wp-json\/wp\/v2\/product"}],"about":[{"href":"https:\/\/silk-pajamas.com\/de\/wp-json\/wp\/v2\/types\/product"}],"wp:featuredmedia":[{"embeddable":true,"href":"https:\/\/silk-pajamas.com\/de\/wp-json\/wp\/v2\/media\/1391"}],"wp:attachment":[{"href":"https:\/\/silk-pajamas.com\/de\/wp-json\/wp\/v2\/media?parent=896"}],"wp:term":[{"taxonomy":"product_brand","embeddable":true,"href":"https:\/\/silk-pajamas.com\/de\/wp-json\/wp\/v2\/product_brand?post=896"},{"taxonomy":"product_cat","embeddable":true,"href":"https:\/\/silk-pajamas.com\/de\/wp-json\/wp\/v2\/product_cat?post=896"},{"taxonomy":"product_tag","embeddable":true,"href":"https:\/\/silk-pajamas.com\/de\/wp-json\/wp\/v2\/product_tag?post=896"}],"curies":[{"name":"wp","href":"https:\/\/api.w.org\/{rel}","templated":true}]}}