{"id":902,"date":"2026-04-12T15:43:40","date_gmt":"2026-04-12T15:43:40","guid":{"rendered":"https:\/\/silk-pajamas.com\/19-momme-crepe-mulberry-silk-skirt-a-line-floral\/"},"modified":"2026-04-19T03:12:37","modified_gmt":"2026-04-19T03:12:37","slug":"19-momme-crepe-mulberry-silk-skirt-a-line-floral","status":"publish","type":"product","link":"https:\/\/silk-pajamas.com\/de\/19-momme-crepe-mulberry-silk-skirt-a-line-floral\/","title":{"rendered":"19 Momme Cr\u00eape Maulbeerseidenrock A Line Floral"},"content":{"rendered":"<p>Dieser Seidenrock ist aus 19 Momme-Cr\u00eape-Seide in einem floralen Ton gefertigt. Er zeichnet sich durch einen flie\u00dfenden Schnitt, ein weiches Tragegef\u00fchl und einen bequemen Faltenwurf f\u00fcr B\u00fcro-Outfits aus. Der Stil unterst\u00fctzt die Gr\u00f6\u00dfe Custom und eignet sich gut f\u00fcr Herbstkleidung, Geschenke und t\u00e4glichen Komfort. Kalt von Hand waschen oder im Schonwaschgang.<\/p>","protected":false},"excerpt":{"rendered":"<p>19 Momme Crepe Seide Seidenrock in Floral. A Line Finish, leichtes Gef\u00fchl und Gr\u00f6\u00dfenauswahl Custom. Entworfen f\u00fcr B\u00fcro-Outfits.<\/p>","protected":false},"featured_media":1417,"template":"","meta":{"_gspb_post_css":""},"product_brand":[],"product_cat":[32],"product_tag":[833,834,835],"class_list":{"0":"post-902","1":"product","2":"type-product","3":"status-publish","4":"has-post-thumbnail","6":"product_cat-silk-skirts","7":"product_tag-19-momme-silk-skirt-floral","8":"product_tag-crepe-silk-skirt-a-line","9":"product_tag-manufacturer-silk-skirt-for-office-outfits","11":"first","12":"instock","13":"featured","14":"shipping-taxable","15":"purchasable","16":"product-type-simple"},"_links":{"self":[{"href":"https:\/\/silk-pajamas.com\/de\/wp-json\/wp\/v2\/product\/902","targetHints":{"allow":["GET"]}}],"collection":[{"href":"https:\/\/silk-pajamas.com\/de\/wp-json\/wp\/v2\/product"}],"about":[{"href":"https:\/\/silk-pajamas.com\/de\/wp-json\/wp\/v2\/types\/product"}],"wp:featuredmedia":[{"embeddable":true,"href":"https:\/\/silk-pajamas.com\/de\/wp-json\/wp\/v2\/media\/1417"}],"wp:attachment":[{"href":"https:\/\/silk-pajamas.com\/de\/wp-json\/wp\/v2\/media?parent=902"}],"wp:term":[{"taxonomy":"product_brand","embeddable":true,"href":"https:\/\/silk-pajamas.com\/de\/wp-json\/wp\/v2\/product_brand?post=902"},{"taxonomy":"product_cat","embeddable":true,"href":"https:\/\/silk-pajamas.com\/de\/wp-json\/wp\/v2\/product_cat?post=902"},{"taxonomy":"product_tag","embeddable":true,"href":"https:\/\/silk-pajamas.com\/de\/wp-json\/wp\/v2\/product_tag?post=902"}],"curies":[{"name":"wp","href":"https:\/\/api.w.org\/{rel}","templated":true}]}}