{"id":904,"date":"2026-04-12T15:43:40","date_gmt":"2026-04-12T15:43:40","guid":{"rendered":"https:\/\/silk-pajamas.com\/25-momme-crepe-silk-skirt-bias-cut-sage-wholesale\/"},"modified":"2026-04-19T03:18:36","modified_gmt":"2026-04-19T03:18:36","slug":"25-momme-crepe-silk-skirt-bias-cut-sage-wholesale","status":"publish","type":"product","link":"https:\/\/silk-pajamas.com\/de\/25-momme-crepe-silk-skirt-bias-cut-sage-wholesale\/","title":{"rendered":"25 Momme Crepe Seidenrock Bias Cut Sage Gro\u00dfhandel"},"content":{"rendered":"<p>Dieser Seidenrock aus 25 Momme-Cr\u00eape-Seide kombiniert Schr\u00e4gschnitt-Details mit einem weichen Glanz und einem atmungsaktiven Tragegef\u00fchl. Das salbeifarbene Finish verleiht ihm einen raffinierten Look, w\u00e4hrend die Gr\u00f6\u00dfen S, M, L, XL, XXL helfen, den Kernbedarf zu decken. Geeignet f\u00fcr B\u00fcro-Outfits und die Fr\u00fchlingsgarderobe. Kalt von Hand waschen oder im Schonwaschgang.<\/p>","protected":false},"excerpt":{"rendered":"<p>25 Momme Crepe Seidenrock in Salbei. Bias-Cut-Verarbeitung, weicher Faltenwurf und Gr\u00f6\u00dfenauswahl S, M, L, XL, XXL. Entworfen f\u00fcr B\u00fcro-Outfits.<\/p>","protected":false},"featured_media":1434,"template":"","meta":{"_gspb_post_css":""},"product_brand":[],"product_cat":[32],"product_tag":[839,840,838],"class_list":{"0":"post-904","1":"product","2":"type-product","3":"status-publish","4":"has-post-thumbnail","6":"product_cat-silk-skirts","7":"product_tag-25-momme-silk-skirt-sage","8":"product_tag-crepe-silk-skirt-bias-cut","9":"product_tag-supplier-silk-skirt-for-office-outfits","11":"first","12":"instock","13":"shipping-taxable","14":"purchasable","15":"product-type-simple"},"_links":{"self":[{"href":"https:\/\/silk-pajamas.com\/de\/wp-json\/wp\/v2\/product\/904","targetHints":{"allow":["GET"]}}],"collection":[{"href":"https:\/\/silk-pajamas.com\/de\/wp-json\/wp\/v2\/product"}],"about":[{"href":"https:\/\/silk-pajamas.com\/de\/wp-json\/wp\/v2\/types\/product"}],"wp:featuredmedia":[{"embeddable":true,"href":"https:\/\/silk-pajamas.com\/de\/wp-json\/wp\/v2\/media\/1434"}],"wp:attachment":[{"href":"https:\/\/silk-pajamas.com\/de\/wp-json\/wp\/v2\/media?parent=904"}],"wp:term":[{"taxonomy":"product_brand","embeddable":true,"href":"https:\/\/silk-pajamas.com\/de\/wp-json\/wp\/v2\/product_brand?post=904"},{"taxonomy":"product_cat","embeddable":true,"href":"https:\/\/silk-pajamas.com\/de\/wp-json\/wp\/v2\/product_cat?post=904"},{"taxonomy":"product_tag","embeddable":true,"href":"https:\/\/silk-pajamas.com\/de\/wp-json\/wp\/v2\/product_tag?post=904"}],"curies":[{"name":"wp","href":"https:\/\/api.w.org\/{rel}","templated":true}]}}