{"id":905,"date":"2026-04-12T15:43:40","date_gmt":"2026-04-12T15:43:40","guid":{"rendered":"https:\/\/silk-pajamas.com\/22-momme-charmeuse-silk-skirt-high-waist-ivory\/"},"modified":"2026-04-19T03:21:05","modified_gmt":"2026-04-19T03:21:05","slug":"22-momme-charmeuse-silk-skirt-high-waist-ivory","status":"publish","type":"product","link":"https:\/\/silk-pajamas.com\/de\/22-momme-charmeuse-silk-skirt-high-waist-ivory\/","title":{"rendered":"22 Momme Charmeuse Seidenrock Hohe Taille Elfenbein"},"content":{"rendered":"<p>Dieser Seidenrock aus 22 Momme-Charmeuse-Seide kombiniert eine hohe Taille mit einem weichen Glanz und einem atmungsaktiven Tragegef\u00fchl. Das elfenbeinfarbene Finish verleiht ihm einen raffinierten Look, w\u00e4hrend die Gr\u00f6\u00dfen XL, XXL, 3XL und 4XL helfen, den Kernbedarf zu decken. Geeignet f\u00fcr Partyoutfits und die Garderobe der ganzen Saison. Kalt von Hand waschen oder im Schonwaschgang.<\/p>","protected":false},"excerpt":{"rendered":"<p>22 Momme Charmeuse Seide Seidenrock in Elfenbein. Hohe Taille, knitterfrei und in den Gr\u00f6\u00dfen XL, XXL, 3XL, 4XL erh\u00e4ltlich. Entworfen f\u00fcr Party-Edits.<\/p>","protected":false},"featured_media":1441,"template":"","meta":{"_gspb_post_css":""},"product_brand":[],"product_cat":[32],"product_tag":[841,842,843],"class_list":{"0":"post-905","1":"product","2":"type-product","3":"status-publish","4":"has-post-thumbnail","6":"product_cat-silk-skirts","7":"product_tag-22-momme-silk-skirt-ivory","8":"product_tag-charmeuse-silk-skirt-high-waist","9":"product_tag-vendor-silk-skirt-for-party-edits","11":"first","12":"instock","13":"shipping-taxable","14":"purchasable","15":"product-type-simple"},"_links":{"self":[{"href":"https:\/\/silk-pajamas.com\/de\/wp-json\/wp\/v2\/product\/905","targetHints":{"allow":["GET"]}}],"collection":[{"href":"https:\/\/silk-pajamas.com\/de\/wp-json\/wp\/v2\/product"}],"about":[{"href":"https:\/\/silk-pajamas.com\/de\/wp-json\/wp\/v2\/types\/product"}],"wp:featuredmedia":[{"embeddable":true,"href":"https:\/\/silk-pajamas.com\/de\/wp-json\/wp\/v2\/media\/1441"}],"wp:attachment":[{"href":"https:\/\/silk-pajamas.com\/de\/wp-json\/wp\/v2\/media?parent=905"}],"wp:term":[{"taxonomy":"product_brand","embeddable":true,"href":"https:\/\/silk-pajamas.com\/de\/wp-json\/wp\/v2\/product_brand?post=905"},{"taxonomy":"product_cat","embeddable":true,"href":"https:\/\/silk-pajamas.com\/de\/wp-json\/wp\/v2\/product_cat?post=905"},{"taxonomy":"product_tag","embeddable":true,"href":"https:\/\/silk-pajamas.com\/de\/wp-json\/wp\/v2\/product_tag?post=905"}],"curies":[{"name":"wp","href":"https:\/\/api.w.org\/{rel}","templated":true}]}}