{"id":909,"date":"2026-04-12T15:43:41","date_gmt":"2026-04-12T15:43:41","guid":{"rendered":"https:\/\/silk-pajamas.com\/25-momme-crepe-mulberry-silk-skirt-maxi-floral\/"},"modified":"2026-04-17T03:50:55","modified_gmt":"2026-04-17T03:50:55","slug":"25-momme-crepe-mulberry-silk-skirt-maxi-floral","status":"publish","type":"product","link":"https:\/\/silk-pajamas.com\/de\/25-momme-crepe-mulberry-silk-skirt-maxi-floral\/","title":{"rendered":"25 Momme Cr\u00eape Maulbeerseidenrock Maxi Floral"},"content":{"rendered":"<p>Dieser Seidenrock aus 25-Momme-Cr\u00eape-Seide ist w\u00e4rmeregulierend, f\u00fchlt sich angenehm auf der Haut an und l\u00e4sst sich elegant bewegen. Die Maxi-Konstruktion und die florale Farbe sorgen f\u00fcr einen raffinierten Look, der auch f\u00fcr Partys geeignet ist. Erh\u00e4ltlich in S, M, L, XL, XXL. Handw\u00e4sche kalt oder im Schonwaschgang.<\/p>","protected":false},"excerpt":{"rendered":"<p>25 Momme Crepe Seidenrock in Floral. Maxi-Finish, thermoregulierendes Gef\u00fchl und Gr\u00f6\u00dfenauswahl S, M, L, XL, XXL. Entworfen f\u00fcr Party-Edits.<\/p>","protected":false},"featured_media":1345,"template":"","meta":{"_gspb_post_css":""},"product_brand":[],"product_cat":[32],"product_tag":[852,853,843],"class_list":{"0":"post-909","1":"product","2":"type-product","3":"status-publish","4":"has-post-thumbnail","6":"product_cat-silk-skirts","7":"product_tag-25-momme-silk-skirt-floral","8":"product_tag-crepe-silk-skirt-maxi","9":"product_tag-vendor-silk-skirt-for-party-edits","11":"first","12":"instock","13":"shipping-taxable","14":"purchasable","15":"product-type-simple"},"_links":{"self":[{"href":"https:\/\/silk-pajamas.com\/de\/wp-json\/wp\/v2\/product\/909","targetHints":{"allow":["GET"]}}],"collection":[{"href":"https:\/\/silk-pajamas.com\/de\/wp-json\/wp\/v2\/product"}],"about":[{"href":"https:\/\/silk-pajamas.com\/de\/wp-json\/wp\/v2\/types\/product"}],"wp:featuredmedia":[{"embeddable":true,"href":"https:\/\/silk-pajamas.com\/de\/wp-json\/wp\/v2\/media\/1345"}],"wp:attachment":[{"href":"https:\/\/silk-pajamas.com\/de\/wp-json\/wp\/v2\/media?parent=909"}],"wp:term":[{"taxonomy":"product_brand","embeddable":true,"href":"https:\/\/silk-pajamas.com\/de\/wp-json\/wp\/v2\/product_brand?post=909"},{"taxonomy":"product_cat","embeddable":true,"href":"https:\/\/silk-pajamas.com\/de\/wp-json\/wp\/v2\/product_cat?post=909"},{"taxonomy":"product_tag","embeddable":true,"href":"https:\/\/silk-pajamas.com\/de\/wp-json\/wp\/v2\/product_tag?post=909"}],"curies":[{"name":"wp","href":"https:\/\/api.w.org\/{rel}","templated":true}]}}