{"id":910,"date":"2026-04-12T15:43:41","date_gmt":"2026-04-12T15:43:41","guid":{"rendered":"https:\/\/silk-pajamas.com\/16-momme-sandwashed-silk-skirt-slip-rose-factory\/"},"modified":"2026-04-18T06:12:17","modified_gmt":"2026-04-18T06:12:17","slug":"16-momme-sandwashed-silk-skirt-slip-rose-factory","status":"publish","type":"product","link":"https:\/\/silk-pajamas.com\/de\/16-momme-sandwashed-silk-skirt-slip-rose-factory\/","title":{"rendered":"16 Momme Sandwash Seidenrock Slip Rose Factory"},"content":{"rendered":"<p>Dieser Seidenrock aus 16 momme sandgewaschener Seide bietet einen weichen Griff, ein sanftes Hautgef\u00fchl und elegante Bewegungen. Die Slip-Konstruktion und die rosa Farbe halten den Look f\u00fcr Frauen poliert. Erh\u00e4ltlich in S, M, L, XL, XXL. Handw\u00e4sche kalt oder im Schonwaschgang.<\/p>","protected":false},"excerpt":{"rendered":"<p>16 Momme Sandwashed Seidenrock in Rose. Schl\u00fcpfende Verarbeitung, weiches Tragegef\u00fchl und Gr\u00f6\u00dfenauswahl S, M, L, XL, XXL. Entworfen f\u00fcr Frauen.<\/p>","protected":false},"featured_media":1348,"template":"","meta":{"_gspb_post_css":""},"product_brand":[],"product_cat":[32],"product_tag":[854,855,856],"class_list":{"0":"post-910","1":"product","2":"type-product","3":"status-publish","4":"has-post-thumbnail","6":"product_cat-silk-skirts","7":"product_tag-16-momme-silk-skirt-rose","8":"product_tag-sandwashed-silk-skirt-slip","9":"product_tag-supplier-silk-skirt-for-women","11":"first","12":"instock","13":"shipping-taxable","14":"purchasable","15":"product-type-simple"},"_links":{"self":[{"href":"https:\/\/silk-pajamas.com\/de\/wp-json\/wp\/v2\/product\/910","targetHints":{"allow":["GET"]}}],"collection":[{"href":"https:\/\/silk-pajamas.com\/de\/wp-json\/wp\/v2\/product"}],"about":[{"href":"https:\/\/silk-pajamas.com\/de\/wp-json\/wp\/v2\/types\/product"}],"wp:featuredmedia":[{"embeddable":true,"href":"https:\/\/silk-pajamas.com\/de\/wp-json\/wp\/v2\/media\/1348"}],"wp:attachment":[{"href":"https:\/\/silk-pajamas.com\/de\/wp-json\/wp\/v2\/media?parent=910"}],"wp:term":[{"taxonomy":"product_brand","embeddable":true,"href":"https:\/\/silk-pajamas.com\/de\/wp-json\/wp\/v2\/product_brand?post=910"},{"taxonomy":"product_cat","embeddable":true,"href":"https:\/\/silk-pajamas.com\/de\/wp-json\/wp\/v2\/product_cat?post=910"},{"taxonomy":"product_tag","embeddable":true,"href":"https:\/\/silk-pajamas.com\/de\/wp-json\/wp\/v2\/product_tag?post=910"}],"curies":[{"name":"wp","href":"https:\/\/api.w.org\/{rel}","templated":true}]}}