{"id":911,"date":"2026-04-12T15:43:41","date_gmt":"2026-04-12T15:43:41","guid":{"rendered":"https:\/\/silk-pajamas.com\/22-momme-mulberry-silk-skirt-maxi-wine-vendor\/"},"modified":"2026-05-06T02:50:47","modified_gmt":"2026-05-06T02:50:47","slug":"22-momme-mulberry-silk-skirt-maxi-wine-vendor","status":"publish","type":"product","link":"https:\/\/silk-pajamas.com\/de\/22-momme-mulberry-silk-skirt-maxi-wine-vendor\/","title":{"rendered":"22 Momme Maulbeerseidenrock Maxi Wein Verk\u00e4ufer"},"content":{"rendered":"<p>Dieser Seidenrock ist aus 22 momme Maulbeerseide in einem Weinton gefertigt. Er ist weit geschnitten, hat ein weiches Handgef\u00fchl und einen bequemen Faltenwurf f\u00fcr Party-Edits. Das Modell ist in den Gr\u00f6\u00dfen XS, S, M, L und XL erh\u00e4ltlich und eignet sich f\u00fcr alle Jahreszeiten, als Geschenk und f\u00fcr den t\u00e4glichen Komfort. Handw\u00e4sche kalt oder im Schonwaschgang.<\/p>","protected":false},"excerpt":{"rendered":"<p>22 Momme Mulberry Seide Seidenrock in Wine. Maxi-Finish, weicher Griff und Gr\u00f6\u00dfenauswahl XS, S, M, L, XL. Entworfen f\u00fcr Party-Edits.<\/p>","protected":false},"featured_media":1714,"template":"","meta":{"_gspb_post_css":""},"product_brand":[],"product_cat":[32],"product_tag":[857,859,858],"class_list":{"0":"post-911","1":"product","2":"type-product","3":"status-publish","4":"has-post-thumbnail","6":"product_cat-silk-skirts","7":"product_tag-22-momme-silk-skirt-wine","8":"product_tag-manufacturer-silk-skirt-for-party-edits","9":"product_tag-mulberry-silk-skirt-maxi","11":"first","12":"instock","13":"shipping-taxable","14":"purchasable","15":"product-type-simple"},"_links":{"self":[{"href":"https:\/\/silk-pajamas.com\/de\/wp-json\/wp\/v2\/product\/911","targetHints":{"allow":["GET"]}}],"collection":[{"href":"https:\/\/silk-pajamas.com\/de\/wp-json\/wp\/v2\/product"}],"about":[{"href":"https:\/\/silk-pajamas.com\/de\/wp-json\/wp\/v2\/types\/product"}],"wp:featuredmedia":[{"embeddable":true,"href":"https:\/\/silk-pajamas.com\/de\/wp-json\/wp\/v2\/media\/1714"}],"wp:attachment":[{"href":"https:\/\/silk-pajamas.com\/de\/wp-json\/wp\/v2\/media?parent=911"}],"wp:term":[{"taxonomy":"product_brand","embeddable":true,"href":"https:\/\/silk-pajamas.com\/de\/wp-json\/wp\/v2\/product_brand?post=911"},{"taxonomy":"product_cat","embeddable":true,"href":"https:\/\/silk-pajamas.com\/de\/wp-json\/wp\/v2\/product_cat?post=911"},{"taxonomy":"product_tag","embeddable":true,"href":"https:\/\/silk-pajamas.com\/de\/wp-json\/wp\/v2\/product_tag?post=911"}],"curies":[{"name":"wp","href":"https:\/\/api.w.org\/{rel}","templated":true}]}}