{"id":912,"date":"2026-04-12T15:43:41","date_gmt":"2026-04-12T15:43:41","guid":{"rendered":"https:\/\/silk-pajamas.com\/25-momme-charmeuse-silk-skirt-midi-coffee\/"},"modified":"2026-04-18T06:13:56","modified_gmt":"2026-04-18T06:13:56","slug":"25-momme-charmeuse-silk-skirt-midi-coffee","status":"publish","type":"product","link":"https:\/\/silk-pajamas.com\/de\/25-momme-charmeuse-silk-skirt-midi-coffee\/","title":{"rendered":"25 Momme Charmeuse Seidenrock Midirock Kaffee"},"content":{"rendered":"<p>Dieser Seidenrock aus 25 Momme-Charmeuse-Seide ist atmungsaktiv, f\u00fchlt sich sanft auf der Haut an und bietet elegante Bewegungsfreiheit. Die Midi-Konstruktion und die Kaffeefarbe sorgen f\u00fcr einen eleganten Look f\u00fcr die Capsule-Garderobe. Erh\u00e4ltlich in XL, XXL, 3XL, 4XL. Handw\u00e4sche kalt oder im Schonwaschgang.<\/p>","protected":false},"excerpt":{"rendered":"<p>25 Momme Charmeuse Seide Seidenrock in Coffee. Midi-Finish, atmungsaktiv und Gr\u00f6\u00dfenbereich XL, XXL, 3XL, 4XL. Konzipiert f\u00fcr Capsule Wardrobes.<\/p>","protected":false},"featured_media":1355,"template":"","meta":{"_gspb_post_css":""},"product_brand":[],"product_cat":[32],"product_tag":[860,861,862],"class_list":{"0":"post-912","1":"product","2":"type-product","3":"status-publish","4":"has-post-thumbnail","6":"product_cat-silk-skirts","7":"product_tag-25-momme-silk-skirt-coffee","8":"product_tag-charmeuse-silk-skirt-midi","9":"product_tag-wholesale-silk-skirt-for-capsule-wardrobes","11":"first","12":"instock","13":"featured","14":"shipping-taxable","15":"purchasable","16":"product-type-simple"},"_links":{"self":[{"href":"https:\/\/silk-pajamas.com\/de\/wp-json\/wp\/v2\/product\/912","targetHints":{"allow":["GET"]}}],"collection":[{"href":"https:\/\/silk-pajamas.com\/de\/wp-json\/wp\/v2\/product"}],"about":[{"href":"https:\/\/silk-pajamas.com\/de\/wp-json\/wp\/v2\/types\/product"}],"wp:featuredmedia":[{"embeddable":true,"href":"https:\/\/silk-pajamas.com\/de\/wp-json\/wp\/v2\/media\/1355"}],"wp:attachment":[{"href":"https:\/\/silk-pajamas.com\/de\/wp-json\/wp\/v2\/media?parent=912"}],"wp:term":[{"taxonomy":"product_brand","embeddable":true,"href":"https:\/\/silk-pajamas.com\/de\/wp-json\/wp\/v2\/product_brand?post=912"},{"taxonomy":"product_cat","embeddable":true,"href":"https:\/\/silk-pajamas.com\/de\/wp-json\/wp\/v2\/product_cat?post=912"},{"taxonomy":"product_tag","embeddable":true,"href":"https:\/\/silk-pajamas.com\/de\/wp-json\/wp\/v2\/product_tag?post=912"}],"curies":[{"name":"wp","href":"https:\/\/api.w.org\/{rel}","templated":true}]}}