{"id":916,"date":"2026-04-12T15:43:41","date_gmt":"2026-04-12T15:43:41","guid":{"rendered":"https:\/\/silk-pajamas.com\/22-momme-charmeuse-silk-skirt-maxi-blush-manufacturer\/"},"modified":"2026-04-18T06:24:56","modified_gmt":"2026-04-18T06:24:56","slug":"22-momme-charmeuse-silk-skirt-maxi-blush-manufacturer","status":"publish","type":"product","link":"https:\/\/silk-pajamas.com\/de\/22-momme-charmeuse-silk-skirt-maxi-blush-manufacturer\/","title":{"rendered":"22 Momme Charmeuse Seidenrock Maxi Blush Hersteller"},"content":{"rendered":"<p>Dieser Seidenrock ist aus 22 Momme-Charmeuse-Seide in einem err\u00f6tenden Ton gefertigt. Er bietet Maxi, ein glattes Handgef\u00fchl und einen bequemen Faltenwurf f\u00fcr Frauen. Der Stil unterst\u00fctzt Gr\u00f6\u00dfen Custom und funktioniert gut f\u00fcr den Sommer tragen, Geschenk-und t\u00e4glichen Komfort. Handw\u00e4sche kalt oder im Schonwaschgang.<\/p>","protected":false},"excerpt":{"rendered":"<p>22 Momme Charmeuse Seide Seidenrock in Blush. Maxi-Finish, atmungsaktives Gef\u00fchl und Gr\u00f6\u00dfenauswahl Custom. Entworfen f\u00fcr Frauen.<\/p>","protected":false},"featured_media":1330,"template":"","meta":{"_gspb_post_css":""},"product_brand":[],"product_cat":[32],"product_tag":[869,870,871],"class_list":{"0":"post-916","1":"product","2":"type-product","3":"status-publish","4":"has-post-thumbnail","6":"product_cat-silk-skirts","7":"product_tag-22-momme-silk-skirt-blush","8":"product_tag-charmeuse-silk-skirt-maxi","9":"product_tag-factory-silk-skirt-for-women","11":"first","12":"instock","13":"shipping-taxable","14":"purchasable","15":"product-type-simple"},"_links":{"self":[{"href":"https:\/\/silk-pajamas.com\/de\/wp-json\/wp\/v2\/product\/916","targetHints":{"allow":["GET"]}}],"collection":[{"href":"https:\/\/silk-pajamas.com\/de\/wp-json\/wp\/v2\/product"}],"about":[{"href":"https:\/\/silk-pajamas.com\/de\/wp-json\/wp\/v2\/types\/product"}],"wp:featuredmedia":[{"embeddable":true,"href":"https:\/\/silk-pajamas.com\/de\/wp-json\/wp\/v2\/media\/1330"}],"wp:attachment":[{"href":"https:\/\/silk-pajamas.com\/de\/wp-json\/wp\/v2\/media?parent=916"}],"wp:term":[{"taxonomy":"product_brand","embeddable":true,"href":"https:\/\/silk-pajamas.com\/de\/wp-json\/wp\/v2\/product_brand?post=916"},{"taxonomy":"product_cat","embeddable":true,"href":"https:\/\/silk-pajamas.com\/de\/wp-json\/wp\/v2\/product_cat?post=916"},{"taxonomy":"product_tag","embeddable":true,"href":"https:\/\/silk-pajamas.com\/de\/wp-json\/wp\/v2\/product_tag?post=916"}],"curies":[{"name":"wp","href":"https:\/\/api.w.org\/{rel}","templated":true}]}}