{"id":920,"date":"2026-04-12T15:43:42","date_gmt":"2026-04-12T15:43:42","guid":{"rendered":"https:\/\/silk-pajamas.com\/16-momme-mulberry-silk-skirt-high-waist-rose\/"},"modified":"2026-04-17T03:17:15","modified_gmt":"2026-04-17T03:17:15","slug":"16-momme-mulberry-silk-skirt-high-waist-rose","status":"publish","type":"product","link":"https:\/\/silk-pajamas.com\/de\/16-momme-mulberry-silk-skirt-high-waist-rose\/","title":{"rendered":"16 Momme Maulbeerseidenrock Hohe Taille Rose"},"content":{"rendered":"<p>Dieser Seidenrock aus 16 momme Maulbeerseide kombiniert eine hohe Taille mit einem weichen Glanz und einem atmungsaktiven Tragegef\u00fchl. Das ros\u00e9farbene Finish verleiht ihm einen raffinierten Look, w\u00e4hrend die Gr\u00f6\u00dfen XL, XXL, 3XL und 4XL den Kernbedarf decken. Geeignet f\u00fcr Partykleider und Herbstgarderobe. Kalt von Hand waschen oder im Schonwaschgang.<\/p>","protected":false},"excerpt":{"rendered":"<p>16 Momme Mulberry Seide Seidenrock in Rose. High Waist Verarbeitung, thermoregulierendes Gef\u00fchl und Gr\u00f6\u00dfenauswahl XL, XXL, 3XL, 4XL. Entworfen f\u00fcr Party-Edits.<\/p>","protected":false},"featured_media":1328,"template":"","meta":{"_gspb_post_css":""},"product_brand":[],"product_cat":[32],"product_tag":[854,878,879],"class_list":{"0":"post-920","1":"product","2":"type-product","3":"status-publish","4":"has-post-thumbnail","6":"product_cat-silk-skirts","7":"product_tag-16-momme-silk-skirt-rose","8":"product_tag-mulberry-silk-skirt-high-waist","9":"product_tag-supplier-silk-skirt-for-party-edits","11":"first","12":"instock","13":"shipping-taxable","14":"purchasable","15":"product-type-simple"},"_links":{"self":[{"href":"https:\/\/silk-pajamas.com\/de\/wp-json\/wp\/v2\/product\/920","targetHints":{"allow":["GET"]}}],"collection":[{"href":"https:\/\/silk-pajamas.com\/de\/wp-json\/wp\/v2\/product"}],"about":[{"href":"https:\/\/silk-pajamas.com\/de\/wp-json\/wp\/v2\/types\/product"}],"wp:featuredmedia":[{"embeddable":true,"href":"https:\/\/silk-pajamas.com\/de\/wp-json\/wp\/v2\/media\/1328"}],"wp:attachment":[{"href":"https:\/\/silk-pajamas.com\/de\/wp-json\/wp\/v2\/media?parent=920"}],"wp:term":[{"taxonomy":"product_brand","embeddable":true,"href":"https:\/\/silk-pajamas.com\/de\/wp-json\/wp\/v2\/product_brand?post=920"},{"taxonomy":"product_cat","embeddable":true,"href":"https:\/\/silk-pajamas.com\/de\/wp-json\/wp\/v2\/product_cat?post=920"},{"taxonomy":"product_tag","embeddable":true,"href":"https:\/\/silk-pajamas.com\/de\/wp-json\/wp\/v2\/product_tag?post=920"}],"curies":[{"name":"wp","href":"https:\/\/api.w.org\/{rel}","templated":true}]}}