{"id":922,"date":"2026-04-12T15:43:42","date_gmt":"2026-04-12T15:43:42","guid":{"rendered":"https:\/\/silk-pajamas.com\/16-momme-crepe-silk-t-shirt-v-neck-champagne-wholesale\/"},"modified":"2026-04-17T03:26:41","modified_gmt":"2026-04-17T03:26:41","slug":"16-momme-crepe-silk-t-shirt-v-neck-champagne-wholesale","status":"publish","type":"product","link":"https:\/\/silk-pajamas.com\/de\/16-momme-crepe-silk-t-shirt-v-neck-champagne-wholesale\/","title":{"rendered":"16 Momme Krepp Seide T-Shirt V-Ausschnitt Champagner Gro\u00dfhandel"},"content":{"rendered":"<p>Dieses Seidenshirt aus 16 Momme-Cr\u00eape-Seide kombiniert einen V-Ausschnitt mit einem weichen Glanz und einem atmungsaktiven Tragegef\u00fchl. Das champagnerfarbene Finish verleiht ihm einen raffinierten Look, w\u00e4hrend die Gr\u00f6\u00dfen XS, S, M, L, XL helfen, den Kernbedarf zu decken. Geeignet f\u00fcr den t\u00e4glichen Gebrauch und die Herbstgarderobe. Kalt von Hand waschen oder im Schonwaschgang.<\/p>","protected":false},"excerpt":{"rendered":"<p>16 Momme Crepe Seide Seiden-T-Shirt in Champagner. V-Ausschnitt, knitterfrei und in den Gr\u00f6\u00dfen XS, S, M, L, XL erh\u00e4ltlich. Entworfen f\u00fcr den t\u00e4glichen Gebrauch.<\/p>","protected":false},"featured_media":1334,"template":"","meta":{"_gspb_post_css":""},"product_brand":[],"product_cat":[28],"product_tag":[883,884,885],"class_list":{"0":"post-922","1":"product","2":"type-product","3":"status-publish","4":"has-post-thumbnail","6":"product_cat-silk-t-shirts","7":"product_tag-16-momme-silk-t-shirt-champagne","8":"product_tag-crepe-silk-t-shirt-v-neck","9":"product_tag-factory-silk-t-shirt-for-daily-wear","11":"first","12":"instock","13":"shipping-taxable","14":"purchasable","15":"product-type-simple"},"_links":{"self":[{"href":"https:\/\/silk-pajamas.com\/de\/wp-json\/wp\/v2\/product\/922","targetHints":{"allow":["GET"]}}],"collection":[{"href":"https:\/\/silk-pajamas.com\/de\/wp-json\/wp\/v2\/product"}],"about":[{"href":"https:\/\/silk-pajamas.com\/de\/wp-json\/wp\/v2\/types\/product"}],"wp:featuredmedia":[{"embeddable":true,"href":"https:\/\/silk-pajamas.com\/de\/wp-json\/wp\/v2\/media\/1334"}],"wp:attachment":[{"href":"https:\/\/silk-pajamas.com\/de\/wp-json\/wp\/v2\/media?parent=922"}],"wp:term":[{"taxonomy":"product_brand","embeddable":true,"href":"https:\/\/silk-pajamas.com\/de\/wp-json\/wp\/v2\/product_brand?post=922"},{"taxonomy":"product_cat","embeddable":true,"href":"https:\/\/silk-pajamas.com\/de\/wp-json\/wp\/v2\/product_cat?post=922"},{"taxonomy":"product_tag","embeddable":true,"href":"https:\/\/silk-pajamas.com\/de\/wp-json\/wp\/v2\/product_tag?post=922"}],"curies":[{"name":"wp","href":"https:\/\/api.w.org\/{rel}","templated":true}]}}