{"id":926,"date":"2026-04-12T15:43:43","date_gmt":"2026-04-12T15:43:43","guid":{"rendered":"https:\/\/silk-pajamas.com\/16-momme-charmeuse-silk-t-shirt-short-sleeve-navy\/"},"modified":"2026-04-17T02:52:09","modified_gmt":"2026-04-17T02:52:09","slug":"16-momme-charmeuse-silk-t-shirt-short-sleeve-navy","status":"publish","type":"product","link":"https:\/\/silk-pajamas.com\/de\/16-momme-charmeuse-silk-t-shirt-short-sleeve-navy\/","title":{"rendered":"16 Momme Charmeuse Seiden-T-Shirt mit kurzen \u00c4rmeln Navy"},"content":{"rendered":"<p>Dieses Seidenshirt aus 16 Momme-Charmeuse-Seide kombiniert kurze \u00c4rmel mit einem weichen Glanz und einem atmungsaktiven Tragegef\u00fchl. Das marineblaue Finish verleiht ihm einen raffinierten Look, w\u00e4hrend die Gr\u00f6\u00dfe Custom den Kernbedarf abdeckt. Geeignet f\u00fcr die Damen- und Sommergarderobe. Kalt von Hand waschen oder im Schonwaschgang.<\/p>","protected":false},"excerpt":{"rendered":"<p>16 Momme Charmeuse Seide Seiden-T-Shirt in Navy. Mit kurzen \u00c4rmeln, thermoregulierendem Griff und Gr\u00f6\u00dfenauswahl nach Ma\u00df. Entworfen f\u00fcr Frauen.<\/p>","protected":false},"featured_media":1260,"template":"","meta":{"_gspb_post_css":""},"product_brand":[],"product_cat":[28],"product_tag":[894,895,896],"class_list":{"0":"post-926","1":"product","2":"type-product","3":"status-publish","4":"has-post-thumbnail","6":"product_cat-silk-t-shirts","7":"product_tag-16-momme-silk-t-shirt-navy","8":"product_tag-charmeuse-silk-t-shirt-short-sleeve","9":"product_tag-manufacturer-silk-t-shirt-for-women","11":"first","12":"instock","13":"featured","14":"shipping-taxable","15":"purchasable","16":"product-type-simple"},"_links":{"self":[{"href":"https:\/\/silk-pajamas.com\/de\/wp-json\/wp\/v2\/product\/926","targetHints":{"allow":["GET"]}}],"collection":[{"href":"https:\/\/silk-pajamas.com\/de\/wp-json\/wp\/v2\/product"}],"about":[{"href":"https:\/\/silk-pajamas.com\/de\/wp-json\/wp\/v2\/types\/product"}],"wp:featuredmedia":[{"embeddable":true,"href":"https:\/\/silk-pajamas.com\/de\/wp-json\/wp\/v2\/media\/1260"}],"wp:attachment":[{"href":"https:\/\/silk-pajamas.com\/de\/wp-json\/wp\/v2\/media?parent=926"}],"wp:term":[{"taxonomy":"product_brand","embeddable":true,"href":"https:\/\/silk-pajamas.com\/de\/wp-json\/wp\/v2\/product_brand?post=926"},{"taxonomy":"product_cat","embeddable":true,"href":"https:\/\/silk-pajamas.com\/de\/wp-json\/wp\/v2\/product_cat?post=926"},{"taxonomy":"product_tag","embeddable":true,"href":"https:\/\/silk-pajamas.com\/de\/wp-json\/wp\/v2\/product_tag?post=926"}],"curies":[{"name":"wp","href":"https:\/\/api.w.org\/{rel}","templated":true}]}}