{"id":927,"date":"2026-04-12T15:43:43","date_gmt":"2026-04-12T15:43:43","guid":{"rendered":"https:\/\/silk-pajamas.com\/16-momme-mulberry-silk-t-shirt-relaxed-fit-wine\/"},"modified":"2026-04-17T02:53:38","modified_gmt":"2026-04-17T02:53:38","slug":"16-momme-mulberry-silk-t-shirt-relaxed-fit-wine","status":"publish","type":"product","link":"https:\/\/silk-pajamas.com\/de\/16-momme-mulberry-silk-t-shirt-relaxed-fit-wine\/","title":{"rendered":"16 Momme Mulberry Silk T-Shirt Relaxed Fit Wein"},"content":{"rendered":"<p>Dieses Seiden-T-Shirt aus 16 momme Maulbeerseide kombiniert eine entspannte Passform mit einem weichen Glanz und einem atmungsaktiven Tragegef\u00fchl. Das weinrote Finish verleiht ihm einen raffinierten Look, w\u00e4hrend die Gr\u00f6\u00dfen S, M, L, XL und XXL den Kernbedarf decken. Geeignet f\u00fcr M\u00e4nner und die Sommergarderobe. Kalt von Hand waschen oder im Schonwaschgang.<\/p>","protected":false},"excerpt":{"rendered":"<p>16 Momme Mulberry Seiden-T-Shirt in Wine. Relaxed Fit Ausf\u00fchrung, weiches Tragegef\u00fchl und Gr\u00f6\u00dfenauswahl S, M, L, XL, XXL. Entworfen f\u00fcr M\u00e4nner.<\/p>","protected":false},"featured_media":1301,"template":"","meta":{"_gspb_post_css":""},"product_brand":[],"product_cat":[28],"product_tag":[897,898,899],"class_list":{"0":"post-927","1":"product","2":"type-product","3":"status-publish","4":"has-post-thumbnail","6":"product_cat-silk-t-shirts","7":"product_tag-16-momme-silk-t-shirt-wine","8":"product_tag-mulberry-silk-t-shirt-relaxed-fit","9":"product_tag-vendor-silk-t-shirt-for-men","11":"first","12":"instock","13":"shipping-taxable","14":"purchasable","15":"product-type-simple"},"_links":{"self":[{"href":"https:\/\/silk-pajamas.com\/de\/wp-json\/wp\/v2\/product\/927","targetHints":{"allow":["GET"]}}],"collection":[{"href":"https:\/\/silk-pajamas.com\/de\/wp-json\/wp\/v2\/product"}],"about":[{"href":"https:\/\/silk-pajamas.com\/de\/wp-json\/wp\/v2\/types\/product"}],"wp:featuredmedia":[{"embeddable":true,"href":"https:\/\/silk-pajamas.com\/de\/wp-json\/wp\/v2\/media\/1301"}],"wp:attachment":[{"href":"https:\/\/silk-pajamas.com\/de\/wp-json\/wp\/v2\/media?parent=927"}],"wp:term":[{"taxonomy":"product_brand","embeddable":true,"href":"https:\/\/silk-pajamas.com\/de\/wp-json\/wp\/v2\/product_brand?post=927"},{"taxonomy":"product_cat","embeddable":true,"href":"https:\/\/silk-pajamas.com\/de\/wp-json\/wp\/v2\/product_cat?post=927"},{"taxonomy":"product_tag","embeddable":true,"href":"https:\/\/silk-pajamas.com\/de\/wp-json\/wp\/v2\/product_tag?post=927"}],"curies":[{"name":"wp","href":"https:\/\/api.w.org\/{rel}","templated":true}]}}