{"id":929,"date":"2026-04-12T15:43:43","date_gmt":"2026-04-12T15:43:43","guid":{"rendered":"https:\/\/silk-pajamas.com\/16-momme-charmeuse-mulberry-silk-tee-crew-neck-lilac\/"},"modified":"2026-04-17T02:55:30","modified_gmt":"2026-04-17T02:55:30","slug":"16-momme-charmeuse-mulberry-silk-tee-crew-neck-lilac","status":"publish","type":"product","link":"https:\/\/silk-pajamas.com\/de\/16-momme-charmeuse-mulberry-silk-tee-crew-neck-lilac\/","title":{"rendered":"16 Momme Charmeuse Maulbeerseide Tee Rundhalsausschnitt Flieder"},"content":{"rendered":"<p>Dieses Seiden-T-Shirt ist aus 16 Momme-Charmeuse-Seide in einem Fliederton gefertigt. Es hat einen Rundhalsausschnitt, ein weiches Handgef\u00fchl und einen bequemen Fall f\u00fcr M\u00e4nner. Das Modell ist in den Gr\u00f6\u00dfen S, M, L, XL und XXL erh\u00e4ltlich und eignet sich f\u00fcr alle Jahreszeiten, zum Verschenken und f\u00fcr den t\u00e4glichen Komfort. Kalt von Hand waschen oder im Schonwaschgang.<\/p>","protected":false},"excerpt":{"rendered":"<p>16 Momme Charmeuse Seide Seiden-T-Shirt in Flieder. Mit Rundhalsausschnitt, atmungsaktiv und in den Gr\u00f6\u00dfen S, M, L, XL und XXL erh\u00e4ltlich. Entworfen f\u00fcr M\u00e4nner.<\/p>","protected":false},"featured_media":1308,"template":"","meta":{"_gspb_post_css":""},"product_brand":[],"product_cat":[28],"product_tag":[900,902,903],"class_list":{"0":"post-929","1":"product","2":"type-product","3":"status-publish","4":"has-post-thumbnail","6":"product_cat-silk-t-shirts","7":"product_tag-16-momme-silk-t-shirt-lilac","8":"product_tag-charmeuse-silk-t-shirt-crew-neck","9":"product_tag-manufacturer-silk-t-shirt-for-men","11":"first","12":"instock","13":"shipping-taxable","14":"purchasable","15":"product-type-simple"},"_links":{"self":[{"href":"https:\/\/silk-pajamas.com\/de\/wp-json\/wp\/v2\/product\/929","targetHints":{"allow":["GET"]}}],"collection":[{"href":"https:\/\/silk-pajamas.com\/de\/wp-json\/wp\/v2\/product"}],"about":[{"href":"https:\/\/silk-pajamas.com\/de\/wp-json\/wp\/v2\/types\/product"}],"wp:featuredmedia":[{"embeddable":true,"href":"https:\/\/silk-pajamas.com\/de\/wp-json\/wp\/v2\/media\/1308"}],"wp:attachment":[{"href":"https:\/\/silk-pajamas.com\/de\/wp-json\/wp\/v2\/media?parent=929"}],"wp:term":[{"taxonomy":"product_brand","embeddable":true,"href":"https:\/\/silk-pajamas.com\/de\/wp-json\/wp\/v2\/product_brand?post=929"},{"taxonomy":"product_cat","embeddable":true,"href":"https:\/\/silk-pajamas.com\/de\/wp-json\/wp\/v2\/product_cat?post=929"},{"taxonomy":"product_tag","embeddable":true,"href":"https:\/\/silk-pajamas.com\/de\/wp-json\/wp\/v2\/product_tag?post=929"}],"curies":[{"name":"wp","href":"https:\/\/api.w.org\/{rel}","templated":true}]}}