{"id":931,"date":"2026-04-12T15:43:43","date_gmt":"2026-04-12T15:43:43","guid":{"rendered":"https:\/\/silk-pajamas.com\/25-momme-sandwashed-silk-t-shirt-crew-neck-wine\/"},"modified":"2026-04-17T03:02:24","modified_gmt":"2026-04-17T03:02:24","slug":"25-momme-sandwashed-silk-t-shirt-crew-neck-wine","status":"publish","type":"product","link":"https:\/\/silk-pajamas.com\/de\/25-momme-sandwashed-silk-t-shirt-crew-neck-wine\/","title":{"rendered":"25 Momme Sandwashed Silk T-Shirt Rundhalsausschnitt Wein"},"content":{"rendered":"<p>Dieses Seidenshirt aus 25 momme sandgewaschener Seide kombiniert einen Rundhalsausschnitt mit einem weichen Glanz und einem atmungsaktiven Tragegef\u00fchl. Das weinrote Finish verleiht ihm einen raffinierten Look, w\u00e4hrend die Gr\u00f6\u00dfen S, M, L, XL und XXL den Kernbedarf decken. Geeignet f\u00fcr den t\u00e4glichen Gebrauch und f\u00fcr die gesamte Saisongarderobe. Kalt von Hand waschen oder im Schonwaschgang.<\/p>","protected":false},"excerpt":{"rendered":"<p>25 Momme Sandwashed Seiden-T-Shirt in Wine. Mit Rundhalsausschnitt, weichem Griff und den Gr\u00f6\u00dfen S, M, L, XL und XXL. Entworfen f\u00fcr den t\u00e4glichen Gebrauch.<\/p>","protected":false},"featured_media":1316,"template":"","meta":{"_gspb_post_css":""},"product_brand":[],"product_cat":[28],"product_tag":[907,908,909],"class_list":{"0":"post-931","1":"product","2":"type-product","3":"status-publish","4":"has-post-thumbnail","6":"product_cat-silk-t-shirts","7":"product_tag-25-momme-silk-t-shirt-wine","8":"product_tag-sandwashed-silk-t-shirt-crew-neck","9":"product_tag-supplier-silk-t-shirt-for-daily-wear","11":"first","12":"instock","13":"featured","14":"shipping-taxable","15":"purchasable","16":"product-type-simple"},"_links":{"self":[{"href":"https:\/\/silk-pajamas.com\/de\/wp-json\/wp\/v2\/product\/931","targetHints":{"allow":["GET"]}}],"collection":[{"href":"https:\/\/silk-pajamas.com\/de\/wp-json\/wp\/v2\/product"}],"about":[{"href":"https:\/\/silk-pajamas.com\/de\/wp-json\/wp\/v2\/types\/product"}],"wp:featuredmedia":[{"embeddable":true,"href":"https:\/\/silk-pajamas.com\/de\/wp-json\/wp\/v2\/media\/1316"}],"wp:attachment":[{"href":"https:\/\/silk-pajamas.com\/de\/wp-json\/wp\/v2\/media?parent=931"}],"wp:term":[{"taxonomy":"product_brand","embeddable":true,"href":"https:\/\/silk-pajamas.com\/de\/wp-json\/wp\/v2\/product_brand?post=931"},{"taxonomy":"product_cat","embeddable":true,"href":"https:\/\/silk-pajamas.com\/de\/wp-json\/wp\/v2\/product_cat?post=931"},{"taxonomy":"product_tag","embeddable":true,"href":"https:\/\/silk-pajamas.com\/de\/wp-json\/wp\/v2\/product_tag?post=931"}],"curies":[{"name":"wp","href":"https:\/\/api.w.org\/{rel}","templated":true}]}}