{"id":932,"date":"2026-04-12T15:43:43","date_gmt":"2026-04-12T15:43:43","guid":{"rendered":"https:\/\/silk-pajamas.com\/16-momme-sandwashed-mulberry-silk-tee-sandwashed-black\/"},"modified":"2026-04-17T03:04:01","modified_gmt":"2026-04-17T03:04:01","slug":"16-momme-sandwashed-mulberry-silk-tee-sandwashed-black","status":"publish","type":"product","link":"https:\/\/silk-pajamas.com\/de\/16-momme-sandwashed-mulberry-silk-tee-sandwashed-black\/","title":{"rendered":"16 Momme Sandwashed Mulberry Silk Tee Sandwashed Schwarz"},"content":{"rendered":"<p>Dieses Seiden-T-Shirt aus 16-Momme-Sandwash-Seide bietet einen weichen Griff, ein sanftes Hautgef\u00fchl und elegante Bewegungen. Die sandgewaschene Konstruktion und die schwarze Farbe sorgen f\u00fcr einen eleganten Look f\u00fcr M\u00e4nner. Erh\u00e4ltlich in S, M, L, XL, XXL. Kalt von Hand waschen oder im Schonwaschgang.<\/p>","protected":false},"excerpt":{"rendered":"<p>16 Momme Sandwashed Seide Seiden-T-Shirt in Schwarz. Sandwash-Finish, weicher Griff und Gr\u00f6\u00dfenauswahl S, M, L, XL, XXL. Entworfen f\u00fcr M\u00e4nner.<\/p>","protected":false},"featured_media":1323,"template":"","meta":{"_gspb_post_css":""},"product_brand":[],"product_cat":[28],"product_tag":[910,881,899],"class_list":{"0":"post-932","1":"product","2":"type-product","3":"status-publish","4":"has-post-thumbnail","6":"product_cat-silk-t-shirts","7":"product_tag-16-momme-silk-t-shirt-black","8":"product_tag-sandwashed-silk-t-shirt-sandwashed","9":"product_tag-vendor-silk-t-shirt-for-men","11":"first","12":"instock","13":"shipping-taxable","14":"purchasable","15":"product-type-simple"},"_links":{"self":[{"href":"https:\/\/silk-pajamas.com\/de\/wp-json\/wp\/v2\/product\/932","targetHints":{"allow":["GET"]}}],"collection":[{"href":"https:\/\/silk-pajamas.com\/de\/wp-json\/wp\/v2\/product"}],"about":[{"href":"https:\/\/silk-pajamas.com\/de\/wp-json\/wp\/v2\/types\/product"}],"wp:featuredmedia":[{"embeddable":true,"href":"https:\/\/silk-pajamas.com\/de\/wp-json\/wp\/v2\/media\/1323"}],"wp:attachment":[{"href":"https:\/\/silk-pajamas.com\/de\/wp-json\/wp\/v2\/media?parent=932"}],"wp:term":[{"taxonomy":"product_brand","embeddable":true,"href":"https:\/\/silk-pajamas.com\/de\/wp-json\/wp\/v2\/product_brand?post=932"},{"taxonomy":"product_cat","embeddable":true,"href":"https:\/\/silk-pajamas.com\/de\/wp-json\/wp\/v2\/product_cat?post=932"},{"taxonomy":"product_tag","embeddable":true,"href":"https:\/\/silk-pajamas.com\/de\/wp-json\/wp\/v2\/product_tag?post=932"}],"curies":[{"name":"wp","href":"https:\/\/api.w.org\/{rel}","templated":true}]}}