{"id":933,"date":"2026-04-12T15:43:43","date_gmt":"2026-04-12T15:43:43","guid":{"rendered":"https:\/\/silk-pajamas.com\/22-momme-charmeuse-mulberry-silk-tee-sandwashed-sky-blue\/"},"modified":"2026-04-17T03:08:36","modified_gmt":"2026-04-17T03:08:36","slug":"22-momme-charmeuse-mulberry-silk-tee-sandwashed-sky-blue","status":"publish","type":"product","link":"https:\/\/silk-pajamas.com\/de\/22-momme-charmeuse-mulberry-silk-tee-sandwashed-sky-blue\/","title":{"rendered":"22 Momme Charmeuse Maulbeerseide Tee Sandwash Himmelblau"},"content":{"rendered":"<p>Dieses Seiden-T-Shirt ist aus 22 Momme-Charmeuse-Seide in einem himmelblauen Ton gefertigt. Es zeichnet sich durch Sandwaschung, ein glattes Handgef\u00fchl und bequemen Fall f\u00fcr M\u00e4nner aus. Der Stil unterst\u00fctzt die Gr\u00f6\u00dfen XL, XXL, 3XL, 4XL und eignet sich gut f\u00fcr die ganze Saison tragen, Geschenk-und t\u00e4glichen Komfort. Handw\u00e4sche kalt oder im Schonwaschgang.<\/p>","protected":false},"excerpt":{"rendered":"<p>22 Momme Charmeuse Seiden-T-Shirt in Himmelblau. Sandwich-Finish, weicher Faltenwurf und Gr\u00f6\u00dfenbereich XL, XXL, 3XL, 4XL. Entworfen f\u00fcr M\u00e4nner.<\/p>","protected":false},"featured_media":1325,"template":"","meta":{"_gspb_post_css":""},"product_brand":[],"product_cat":[28],"product_tag":[911,912,903],"class_list":{"0":"post-933","1":"product","2":"type-product","3":"status-publish","4":"has-post-thumbnail","6":"product_cat-silk-t-shirts","7":"product_tag-22-momme-silk-t-shirt-sky-blue","8":"product_tag-charmeuse-silk-t-shirt-sandwashed","9":"product_tag-manufacturer-silk-t-shirt-for-men","11":"first","12":"instock","13":"shipping-taxable","14":"purchasable","15":"product-type-simple"},"_links":{"self":[{"href":"https:\/\/silk-pajamas.com\/de\/wp-json\/wp\/v2\/product\/933","targetHints":{"allow":["GET"]}}],"collection":[{"href":"https:\/\/silk-pajamas.com\/de\/wp-json\/wp\/v2\/product"}],"about":[{"href":"https:\/\/silk-pajamas.com\/de\/wp-json\/wp\/v2\/types\/product"}],"wp:featuredmedia":[{"embeddable":true,"href":"https:\/\/silk-pajamas.com\/de\/wp-json\/wp\/v2\/media\/1325"}],"wp:attachment":[{"href":"https:\/\/silk-pajamas.com\/de\/wp-json\/wp\/v2\/media?parent=933"}],"wp:term":[{"taxonomy":"product_brand","embeddable":true,"href":"https:\/\/silk-pajamas.com\/de\/wp-json\/wp\/v2\/product_brand?post=933"},{"taxonomy":"product_cat","embeddable":true,"href":"https:\/\/silk-pajamas.com\/de\/wp-json\/wp\/v2\/product_cat?post=933"},{"taxonomy":"product_tag","embeddable":true,"href":"https:\/\/silk-pajamas.com\/de\/wp-json\/wp\/v2\/product_tag?post=933"}],"curies":[{"name":"wp","href":"https:\/\/api.w.org\/{rel}","templated":true}]}}